{"id":753,"date":"2023-10-04T16:38:09","date_gmt":"2023-10-04T14:38:09","guid":{"rendered":"https:\/\/mtc.laurentjannot.fr\/wordpress\/?page_id=753"},"modified":"2025-07-09T07:28:42","modified_gmt":"2025-07-09T05:28:42","slug":"tarifs","status":"publish","type":"page","link":"https:\/\/mtc.laurentjannot.fr\/wordpress\/index.php\/tarifs\/","title":{"rendered":"Tarifs"},"content":{"rendered":"\n<h2 class=\"wp-block-heading\">Pratique de M\u00e9decine Traditionnelle Chinoise <\/h2>\n\n\n\n<ul class=\"wp-block-list\">\n<li><strong>Soins de MTC<\/strong> : Aiguilles, Moxibustion, Ventouses, Conseils di\u00e9t\u00e9tiques, Qi Nei Tsang, Auriculoth\u00e9rapie, massage chinois, &#8230; en fonction des besoins : 60\u20ac pour 1h15 de soins.<\/li>\n\n\n\n<li><strong>Lifting par aiguilles<\/strong> : 75\u20ac pour 1h de soins.<\/li>\n\n\n\n<li><strong>Cours de Qi Gong <\/strong>: Abonnement ann\u00e9e 350\u20ac, Carte abonnement pour 10 s\u00e9ances : 130\u20ac, 1 cours \u00e0 15\u20ac pour 1h de cours.<\/li>\n<\/ul>\n\n\n\n<h3 class=\"wp-block-heading has-text-align-right\">Une Facture est possible<\/h3>\n","protected":false},"excerpt":{"rendered":"<p>Pratique de M\u00e9decine Traditionnelle Chinoise Une Facture est possible<\/p>\n","protected":false},"author":1,"featured_media":754,"parent":0,"menu_order":0,"comment_status":"closed","ping_status":"closed","template":"","meta":{"footnotes":""},"class_list":["post-753","page","type-page","status-publish","has-post-thumbnail","hentry"],"jetpack_sharing_enabled":true,"jetpack_likes_enabled":true,"jetpack-related-posts":[{"id":1436,"url":"https:\/\/mtc.laurentjannot.fr\/wordpress\/index.php\/vous-naimez-pas-les-aiguilles-essayez-le-massage-chinois\/","url_meta":{"origin":753,"position":0},"title":"Vous n&rsquo;aimez pas les aiguilles ? Essayez les Massages Chinois","author":"laurent jannot","date":"8 juillet 2025","format":false,"excerpt":"Le massage chinois offre de nombreux bienfaits au niveau physique et psychique. Le massage chinois est \u00e9troitement li\u00e9 \u00e0 l'acupuncture et se concentre sur les canaux et les points d'\u00e9nergie qui transportent et guident le sang ou le Qi dans l'ensemble du corps. Ce type de massage permet de prot\u00e9ger\u2026","rel":"","context":"Article similaire","block_context":{"text":"Article similaire","link":""},"img":{"alt_text":"person doing massage","src":"https:\/\/i0.wp.com\/mtc.laurentjannot.fr\/wordpress\/wp-content\/uploads\/2025\/07\/pexels-photo-3230236-e1752085537654.jpeg?fit=867%2C640&ssl=1&resize=350%2C200","width":350,"height":200,"srcset":"https:\/\/i0.wp.com\/mtc.laurentjannot.fr\/wordpress\/wp-content\/uploads\/2025\/07\/pexels-photo-3230236-e1752085537654.jpeg?fit=867%2C640&ssl=1&resize=350%2C200 1x, https:\/\/i0.wp.com\/mtc.laurentjannot.fr\/wordpress\/wp-content\/uploads\/2025\/07\/pexels-photo-3230236-e1752085537654.jpeg?fit=867%2C640&ssl=1&resize=525%2C300 1.5x, https:\/\/i0.wp.com\/mtc.laurentjannot.fr\/wordpress\/wp-content\/uploads\/2025\/07\/pexels-photo-3230236-e1752085537654.jpeg?fit=867%2C640&ssl=1&resize=700%2C400 2x"},"classes":[]},{"id":108,"url":"https:\/\/mtc.laurentjannot.fr\/wordpress\/index.php\/qi-gong\/","url_meta":{"origin":753,"position":1},"title":"Qi Gong","author":"laurent jannot","date":"11 ao\u00fbt 2022","format":false,"excerpt":"\u00a0 Cours de Qi Gong \u00e0 Dijon, chaque Lundi de 18h30 \u00e0 19h30 J'anime un cours d'initiation au Qi gong chaque lundi soir au 29 rue de Chenove, \u00e0 Dijon, au \"Centre\" un cours seul est \u00e0 : 15\u20ac, une carte d'abonnement pour 10 cours, soit un cours par semaine\u2026","rel":"","context":"Article similaire","block_context":{"text":"Article similaire","link":""},"img":{"alt_text":"","src":"https:\/\/i0.wp.com\/mtc.laurentjannot.fr\/wordpress\/wp-content\/uploads\/2022\/08\/wudang-montagne.jpg?resize=350%2C200&ssl=1","width":350,"height":200,"srcset":"https:\/\/i0.wp.com\/mtc.laurentjannot.fr\/wordpress\/wp-content\/uploads\/2022\/08\/wudang-montagne.jpg?resize=350%2C200&ssl=1 1x, https:\/\/i0.wp.com\/mtc.laurentjannot.fr\/wordpress\/wp-content\/uploads\/2022\/08\/wudang-montagne.jpg?resize=525%2C300&ssl=1 1.5x, https:\/\/i0.wp.com\/mtc.laurentjannot.fr\/wordpress\/wp-content\/uploads\/2022\/08\/wudang-montagne.jpg?resize=700%2C400&ssl=1 2x"},"classes":[]},{"id":37,"url":"https:\/\/mtc.laurentjannot.fr\/wordpress\/index.php\/pratiques\/","url_meta":{"origin":753,"position":2},"title":"Pratiques","author":"laurent jannot","date":"11 ao\u00fbt 2022","format":false,"excerpt":"D'abord le Dialogue ... Le praticien de M\u00e9decine Traditionnelle Chinoise que vous consultez aujourd'hui se renseignera sur vos habitudes quotidiennes (lieux de vie, alimentation, travail, sommeil, \u00e9motions, etc.) et au besoin vous conseillera sur un comportement plus conforme \u00e0 certaines r\u00e8gles \"naturelles\". Rigueur et m\u00e9thode ... Le praticien de M\u00e9decine\u2026","rel":"","context":"Article similaire","block_context":{"text":"Article similaire","link":""},"img":{"alt_text":"","src":"https:\/\/i0.wp.com\/mtc.laurentjannot.fr\/wordpress\/wp-content\/uploads\/2022\/08\/dietetique.jpg?resize=350%2C200&ssl=1","width":350,"height":200},"classes":[]},{"id":16,"url":"https:\/\/mtc.laurentjannot.fr\/wordpress\/index.php\/a-propos-de\/","url_meta":{"origin":753,"position":3},"title":"\u00c0 propos de","author":"laurent jannot","date":"10 ao\u00fbt 2022","format":false,"excerpt":"Mon parcours professionnel : Praticien en M\u00e9decine Chinoise Traditionnelle (sp\u00e9cialisation Acupuncture), form\u00e9 par l'Institut Chuzhen \u00e0 Paris (cursus de 4 ans). Master Class \"Techniques de puncture et de moxibustion\", Dr Wang Liping, vice directrice de l\u2019h\u00f4pital Ruguosi de P\u00e9kin. Master Class \"Rhumatismes et douleurs\", Dr Wang Liping, vice directrice de\u2026","rel":"","context":"Article similaire","block_context":{"text":"Article similaire","link":""},"img":{"alt_text":"","src":"https:\/\/i0.wp.com\/mtc.laurentjannot.fr\/wordpress\/wp-content\/uploads\/2022\/08\/pexels-photo-91147-1-e1752085478958.jpeg?fit=1200%2C418&ssl=1&resize=350%2C200","width":350,"height":200,"srcset":"https:\/\/i0.wp.com\/mtc.laurentjannot.fr\/wordpress\/wp-content\/uploads\/2022\/08\/pexels-photo-91147-1-e1752085478958.jpeg?fit=1200%2C418&ssl=1&resize=350%2C200 1x, https:\/\/i0.wp.com\/mtc.laurentjannot.fr\/wordpress\/wp-content\/uploads\/2022\/08\/pexels-photo-91147-1-e1752085478958.jpeg?fit=1200%2C418&ssl=1&resize=525%2C300 1.5x, https:\/\/i0.wp.com\/mtc.laurentjannot.fr\/wordpress\/wp-content\/uploads\/2022\/08\/pexels-photo-91147-1-e1752085478958.jpeg?fit=1200%2C418&ssl=1&resize=700%2C400 2x, https:\/\/i0.wp.com\/mtc.laurentjannot.fr\/wordpress\/wp-content\/uploads\/2022\/08\/pexels-photo-91147-1-e1752085478958.jpeg?fit=1200%2C418&ssl=1&resize=1050%2C600 3x"},"classes":[]},{"id":1428,"url":"https:\/\/mtc.laurentjannot.fr\/wordpress\/index.php\/interventions-en-entreprises\/","url_meta":{"origin":753,"position":4},"title":"Interventions en Entreprises","author":"laurent jannot","date":"8 juillet 2025","format":false,"excerpt":"Mes interventions actuelles : Cours de Qi Gong et journ\u00e9es bien-\u00eatre pour l'Espace Pr\u00e9vention Sant\u00e9 du Grand Chalon Sur Sa\u00f4ne pour les aidants Cours de Qi Gong pour le CCAS de Sanvignes les mines Ateliers d'acupression, pratique et th\u00e9orie, \u00e0 l'Universit\u00e9 pour Tous (UTB) de Dijon Massage assis ou Cours\u2026","rel":"","context":"Article similaire","block_context":{"text":"Article similaire","link":""},"img":{"alt_text":"woman lying on tree near awter","src":"https:\/\/i0.wp.com\/mtc.laurentjannot.fr\/wordpress\/wp-content\/uploads\/2025\/07\/pexels-photo-267684.jpeg?fit=1200%2C795&ssl=1&resize=350%2C200","width":350,"height":200,"srcset":"https:\/\/i0.wp.com\/mtc.laurentjannot.fr\/wordpress\/wp-content\/uploads\/2025\/07\/pexels-photo-267684.jpeg?fit=1200%2C795&ssl=1&resize=350%2C200 1x, https:\/\/i0.wp.com\/mtc.laurentjannot.fr\/wordpress\/wp-content\/uploads\/2025\/07\/pexels-photo-267684.jpeg?fit=1200%2C795&ssl=1&resize=525%2C300 1.5x, https:\/\/i0.wp.com\/mtc.laurentjannot.fr\/wordpress\/wp-content\/uploads\/2025\/07\/pexels-photo-267684.jpeg?fit=1200%2C795&ssl=1&resize=700%2C400 2x, https:\/\/i0.wp.com\/mtc.laurentjannot.fr\/wordpress\/wp-content\/uploads\/2025\/07\/pexels-photo-267684.jpeg?fit=1200%2C795&ssl=1&resize=1050%2C600 3x"},"classes":[]},{"id":39,"url":"https:\/\/mtc.laurentjannot.fr\/wordpress\/index.php\/liens\/","url_meta":{"origin":753,"position":5},"title":"Liens","author":"laurent jannot","date":"11 ao\u00fbt 2022","format":false,"excerpt":"CHUZHEN : Formation en M\u00e9decine Traditionnelle Chinoise la seule formation fran\u00e7aise de niveau universitaire en m\u00e9decine chinoise \u00e0 Paris. Institut Chuzhen de M\u00e9decine Chinoise Le Centre Dijon Restaurant - \u00c9v\u00e9nements culturels - Yoga - Qi Gong - Arts martiaux - Danse - Biodynamique, ... http:\/\/www.lecentre-dijon.fr \"Les Jardins du massage \"\u2026","rel":"","context":"Article similaire","block_context":{"text":"Article similaire","link":""},"img":{"alt_text":"","src":"","width":0,"height":0},"classes":[]}],"jetpack_shortlink":"https:\/\/wp.me\/PebM1q-c9","_links":{"self":[{"href":"https:\/\/mtc.laurentjannot.fr\/wordpress\/index.php\/wp-json\/wp\/v2\/pages\/753","targetHints":{"allow":["GET"]}}],"collection":[{"href":"https:\/\/mtc.laurentjannot.fr\/wordpress\/index.php\/wp-json\/wp\/v2\/pages"}],"about":[{"href":"https:\/\/mtc.laurentjannot.fr\/wordpress\/index.php\/wp-json\/wp\/v2\/types\/page"}],"author":[{"embeddable":true,"href":"https:\/\/mtc.laurentjannot.fr\/wordpress\/index.php\/wp-json\/wp\/v2\/users\/1"}],"replies":[{"embeddable":true,"href":"https:\/\/mtc.laurentjannot.fr\/wordpress\/index.php\/wp-json\/wp\/v2\/comments?post=753"}],"version-history":[{"count":4,"href":"https:\/\/mtc.laurentjannot.fr\/wordpress\/index.php\/wp-json\/wp\/v2\/pages\/753\/revisions"}],"predecessor-version":[{"id":1441,"href":"https:\/\/mtc.laurentjannot.fr\/wordpress\/index.php\/wp-json\/wp\/v2\/pages\/753\/revisions\/1441"}],"wp:featuredmedia":[{"embeddable":true,"href":"https:\/\/mtc.laurentjannot.fr\/wordpress\/index.php\/wp-json\/wp\/v2\/media\/754"}],"wp:attachment":[{"href":"https:\/\/mtc.laurentjannot.fr\/wordpress\/index.php\/wp-json\/wp\/v2\/media?parent=753"}],"curies":[{"name":"wp","href":"https:\/\/api.w.org\/{rel}","templated":true}]}}