{"id":39,"date":"2022-08-11T10:04:23","date_gmt":"2022-08-11T08:04:23","guid":{"rendered":"https:\/\/mtc.laurentjannot.fr\/wordpress\/?page_id=39"},"modified":"2023-09-02T10:15:39","modified_gmt":"2023-09-02T08:15:39","slug":"liens","status":"publish","type":"page","link":"https:\/\/mtc.laurentjannot.fr\/wordpress\/index.php\/liens\/","title":{"rendered":"Liens"},"content":{"rendered":"\n<h2 class=\"wp-block-heading\"><\/h2>\n\n\n\n<h4 class=\"wp-block-heading\"><em><mark style=\"background-color:rgba(0, 0, 0, 0)\" class=\"has-inline-color has-vivid-red-color\">CHUZHEN : Formation en M\u00e9decine Traditionnelle Chinoise<\/mark><\/em><\/h4>\n\n\n\n<h4 class=\"wp-block-heading\">la seule formation fran\u00e7aise de niveau universitaire en m\u00e9decine chinoise \u00e0 Paris.<\/h4>\n\n\n\n<p><a href=\"http:\/\/www.chuzhen.com\" target=\"_blank\" rel=\"noreferrer noopener\">Institut Chuzhen de M\u00e9decine Chinoise<\/a><\/p>\n\n\n\n<h4 class=\"wp-block-heading\"><em><mark style=\"background-color:rgba(0, 0, 0, 0)\" class=\"has-inline-color has-vivid-red-color\">Le Centre Dijon<\/mark><\/em><\/h4>\n\n\n\n<h4 class=\"wp-block-heading\">Restaurant &#8211; \u00c9v\u00e9nements culturels &#8211; Yoga &#8211; Qi Gong &#8211; Arts martiaux &#8211; Danse &#8211; Biodynamique, &#8230;<\/h4>\n\n\n\n<p><a rel=\"noreferrer noopener\" href=\"http:\/\/www.lecentre-dijon.fr\/\" target=\"_blank\">http:\/\/www.lecentre-dijon.fr<\/a><\/p>\n\n\n\n<h4 class=\"wp-block-heading has-vivid-red-color has-text-color\">\u00ab\u00a0<strong>Les Jardins du massage<\/strong> \u00a0\u00bb \u00e0 Dijon :<\/h4>\n\n\n\n<p><a href=\"mailto:contact@lesjardinsdumassage.com\" target=\"_blank\" rel=\"noreferrer noopener\">contact@lesjardinsdumassage.com<\/a><br>06 12 38 26 96<\/p>\n\n\n\n<figure class=\"wp-block-embed is-type-wp-embed is-provider-nicole-bourgeois wp-block-embed-nicole-bourgeois\"><div class=\"wp-block-embed__wrapper\">\n<blockquote class=\"wp-embedded-content\" data-secret=\"2OjeNxosA1\"><a href=\"https:\/\/www.lesjardinsdumassage.com\/\">Massages et bien-\u00eatre \u00e0 Dijon<\/a><\/blockquote><iframe loading=\"lazy\" class=\"wp-embedded-content\" sandbox=\"allow-scripts\" security=\"restricted\" style=\"position: absolute; clip: rect(1px, 1px, 1px, 1px);\" title=\"\u00ab\u00a0Massages et bien-\u00eatre \u00e0 Dijon\u00a0\u00bb &#8212; Nicole BOURGEOIS\" src=\"https:\/\/www.lesjardinsdumassage.com\/embed\/#?secret=ID5qydyVrb#?secret=2OjeNxosA1\" data-secret=\"2OjeNxosA1\" width=\"600\" height=\"338\" frameborder=\"0\" marginwidth=\"0\" marginheight=\"0\" scrolling=\"no\"><\/iframe>\n<\/div><figcaption class=\"wp-element-caption\"><a href=\"https:\/\/www.lesjardinsdumassage.com\/\" data-type=\"link\" data-id=\"https:\/\/www.lesjardinsdumassage.com\/\" target=\"_blank\" rel=\"noreferrer noopener\">https:\/\/www.lesjardinsdumassage.com\/<\/a><\/figcaption><\/figure>\n\n\n\n<h3 class=\"wp-block-heading\" style=\"font-size:18px\"><em><strong><mark style=\"background-color:rgba(0, 0, 0, 0)\" class=\"has-inline-color has-vivid-red-color\">Ma coll\u00e8gue de Saint Vallier :<\/mark><\/strong><\/em><\/h3>\n\n\n\n<p class=\"has-text-align-center\"><strong>B&rsquo;Attitude &#8211; B\u00e9atrice Cortinhas &#8211; Praticienne Sophrologue<\/strong><\/p>\n\n\n\n<p class=\"has-text-align-center\">Site  : <a href=\"https:\/\/cortinhasbeatrice.wixsite.com\/my-site\" target=\"_blank\" rel=\"noreferrer noopener\">https:\/\/cortinhasbeatrice.wixsite.com\/my-site<\/a><\/p>\n\n\n\n<p class=\"has-text-align-center\">Tel : 06 06 73 89 97<\/p>\n\n\n\n<p class=\"has-text-align-center\">mail : <a href=\"mailto:cb.battitude@gmail.com\" target=\"_blank\" rel=\"noreferrer noopener\">cb.battitude@gmail.com<\/a><\/p>\n\n\n\n<p class=\"has-text-align-center\"><\/p>\n\n\n\n<p><\/p>\n","protected":false},"excerpt":{"rendered":"<p>CHUZHEN : Formation en M\u00e9decine Traditionnelle Chinoise la seule formation fran\u00e7aise de niveau universitaire en m\u00e9decine chinoise \u00e0 Paris. Institut Chuzhen de M\u00e9decine Chinoise Le Centre Dijon Restaurant &#8211; \u00c9v\u00e9nements &hellip; <\/p>\n","protected":false},"author":1,"featured_media":0,"parent":0,"menu_order":0,"comment_status":"closed","ping_status":"closed","template":"","meta":{"footnotes":""},"class_list":["post-39","page","type-page","status-publish","hentry"],"jetpack_sharing_enabled":true,"jetpack_likes_enabled":true,"jetpack-related-posts":[{"id":16,"url":"https:\/\/mtc.laurentjannot.fr\/wordpress\/index.php\/a-propos-de\/","url_meta":{"origin":39,"position":0},"title":"\u00c0 propos de","author":"laurent jannot","date":"10 ao\u00fbt 2022","format":false,"excerpt":"Mon parcours professionnel : Praticien en M\u00e9decine Chinoise Traditionnelle (sp\u00e9cialisation Acupuncture), form\u00e9 par l'Institut Chuzhen \u00e0 Paris (cursus de 4 ans). Master Class \"Techniques de puncture et de moxibustion\", Dr Wang Liping, vice directrice de l\u2019h\u00f4pital Ruguosi de P\u00e9kin. Master Class \"Rhumatismes et douleurs\", Dr Wang Liping, vice directrice de\u2026","rel":"","context":"Article similaire","block_context":{"text":"Article similaire","link":""},"img":{"alt_text":"","src":"https:\/\/i0.wp.com\/mtc.laurentjannot.fr\/wordpress\/wp-content\/uploads\/2022\/08\/pexels-photo-91147-1-e1752085478958.jpeg?fit=1200%2C418&ssl=1&resize=350%2C200","width":350,"height":200,"srcset":"https:\/\/i0.wp.com\/mtc.laurentjannot.fr\/wordpress\/wp-content\/uploads\/2022\/08\/pexels-photo-91147-1-e1752085478958.jpeg?fit=1200%2C418&ssl=1&resize=350%2C200 1x, https:\/\/i0.wp.com\/mtc.laurentjannot.fr\/wordpress\/wp-content\/uploads\/2022\/08\/pexels-photo-91147-1-e1752085478958.jpeg?fit=1200%2C418&ssl=1&resize=525%2C300 1.5x, https:\/\/i0.wp.com\/mtc.laurentjannot.fr\/wordpress\/wp-content\/uploads\/2022\/08\/pexels-photo-91147-1-e1752085478958.jpeg?fit=1200%2C418&ssl=1&resize=700%2C400 2x, https:\/\/i0.wp.com\/mtc.laurentjannot.fr\/wordpress\/wp-content\/uploads\/2022\/08\/pexels-photo-91147-1-e1752085478958.jpeg?fit=1200%2C418&ssl=1&resize=1050%2C600 3x"},"classes":[]},{"id":38,"url":"https:\/\/mtc.laurentjannot.fr\/wordpress\/","url_meta":{"origin":39,"position":1},"title":"Soins","author":"laurent jannot","date":"11 ao\u00fbt 2022","format":false,"excerpt":"Le champ d\u2019action de la m\u00e9decine traditionnelle chinoise est large. Champs d'actionDans le cas de troubles suivants, la M\u00e9decine Traditionnelle Chinoise est une aide tr\u00e8s efficace, notamment en ce qui concerne la pr\u00e9vention : Stress (selon des \u00e9tudes r\u00e9centes, 80 % des maladies seraient\u00a0li\u00e9es au stress)Maux de t\u00eates et migrainesFatigue\u2026","rel":"","context":"Article similaire","block_context":{"text":"Article similaire","link":""},"img":{"alt_text":"","src":"","width":0,"height":0},"classes":[]},{"id":37,"url":"https:\/\/mtc.laurentjannot.fr\/wordpress\/index.php\/pratiques\/","url_meta":{"origin":39,"position":2},"title":"Pratiques","author":"laurent jannot","date":"11 ao\u00fbt 2022","format":false,"excerpt":"D'abord le Dialogue ... Le praticien de M\u00e9decine Traditionnelle Chinoise que vous consultez aujourd'hui se renseignera sur vos habitudes quotidiennes (lieux de vie, alimentation, travail, sommeil, \u00e9motions, etc.) et au besoin vous conseillera sur un comportement plus conforme \u00e0 certaines r\u00e8gles \"naturelles\". Rigueur et m\u00e9thode ... Le praticien de M\u00e9decine\u2026","rel":"","context":"Article similaire","block_context":{"text":"Article similaire","link":""},"img":{"alt_text":"","src":"https:\/\/i0.wp.com\/mtc.laurentjannot.fr\/wordpress\/wp-content\/uploads\/2022\/08\/dietetique.jpg?resize=350%2C200&ssl=1","width":350,"height":200},"classes":[]},{"id":753,"url":"https:\/\/mtc.laurentjannot.fr\/wordpress\/index.php\/tarifs\/","url_meta":{"origin":39,"position":3},"title":"Tarifs","author":"laurent jannot","date":"4 octobre 2023","format":false,"excerpt":"Pratique de M\u00e9decine Traditionnelle Chinoise Soins de MTC : Aiguilles, Moxibustion, Ventouses, Conseils di\u00e9t\u00e9tiques, Qi Nei Tsang, Auriculoth\u00e9rapie, massage chinois, ... en fonction des besoins : 60\u20ac pour 1h15 de soins. Lifting par aiguilles : 75\u20ac pour 1h de soins. Cours de Qi Gong : Abonnement ann\u00e9e 350\u20ac, Carte abonnement\u2026","rel":"","context":"Article similaire","block_context":{"text":"Article similaire","link":""},"img":{"alt_text":"lines with numbers on head figure","src":"https:\/\/i0.wp.com\/mtc.laurentjannot.fr\/wordpress\/wp-content\/uploads\/2023\/10\/pexels-photo-17108475.jpeg?fit=1200%2C797&ssl=1&resize=350%2C200","width":350,"height":200,"srcset":"https:\/\/i0.wp.com\/mtc.laurentjannot.fr\/wordpress\/wp-content\/uploads\/2023\/10\/pexels-photo-17108475.jpeg?fit=1200%2C797&ssl=1&resize=350%2C200 1x, https:\/\/i0.wp.com\/mtc.laurentjannot.fr\/wordpress\/wp-content\/uploads\/2023\/10\/pexels-photo-17108475.jpeg?fit=1200%2C797&ssl=1&resize=525%2C300 1.5x, https:\/\/i0.wp.com\/mtc.laurentjannot.fr\/wordpress\/wp-content\/uploads\/2023\/10\/pexels-photo-17108475.jpeg?fit=1200%2C797&ssl=1&resize=700%2C400 2x, https:\/\/i0.wp.com\/mtc.laurentjannot.fr\/wordpress\/wp-content\/uploads\/2023\/10\/pexels-photo-17108475.jpeg?fit=1200%2C797&ssl=1&resize=1050%2C600 3x"},"classes":[]},{"id":108,"url":"https:\/\/mtc.laurentjannot.fr\/wordpress\/index.php\/qi-gong\/","url_meta":{"origin":39,"position":4},"title":"Qi Gong","author":"laurent jannot","date":"11 ao\u00fbt 2022","format":false,"excerpt":"\u00a0 Cours de Qi Gong \u00e0 Dijon, chaque Lundi de 18h30 \u00e0 19h30 J'anime un cours d'initiation au Qi gong chaque lundi soir au 29 rue de Chenove, \u00e0 Dijon, au \"Centre\" un cours seul est \u00e0 : 15\u20ac, une carte d'abonnement pour 10 cours, soit un cours par semaine\u2026","rel":"","context":"Article similaire","block_context":{"text":"Article similaire","link":""},"img":{"alt_text":"","src":"https:\/\/i0.wp.com\/mtc.laurentjannot.fr\/wordpress\/wp-content\/uploads\/2022\/08\/wudang-montagne.jpg?resize=350%2C200&ssl=1","width":350,"height":200,"srcset":"https:\/\/i0.wp.com\/mtc.laurentjannot.fr\/wordpress\/wp-content\/uploads\/2022\/08\/wudang-montagne.jpg?resize=350%2C200&ssl=1 1x, https:\/\/i0.wp.com\/mtc.laurentjannot.fr\/wordpress\/wp-content\/uploads\/2022\/08\/wudang-montagne.jpg?resize=525%2C300&ssl=1 1.5x, https:\/\/i0.wp.com\/mtc.laurentjannot.fr\/wordpress\/wp-content\/uploads\/2022\/08\/wudang-montagne.jpg?resize=700%2C400&ssl=1 2x"},"classes":[]},{"id":1436,"url":"https:\/\/mtc.laurentjannot.fr\/wordpress\/index.php\/vous-naimez-pas-les-aiguilles-essayez-le-massage-chinois\/","url_meta":{"origin":39,"position":5},"title":"Vous n&rsquo;aimez pas les aiguilles ? Essayez les Massages Chinois","author":"laurent jannot","date":"8 juillet 2025","format":false,"excerpt":"Le massage chinois offre de nombreux bienfaits au niveau physique et psychique. Le massage chinois est \u00e9troitement li\u00e9 \u00e0 l'acupuncture et se concentre sur les canaux et les points d'\u00e9nergie qui transportent et guident le sang ou le Qi dans l'ensemble du corps. Ce type de massage permet de prot\u00e9ger\u2026","rel":"","context":"Article similaire","block_context":{"text":"Article similaire","link":""},"img":{"alt_text":"person doing massage","src":"https:\/\/i0.wp.com\/mtc.laurentjannot.fr\/wordpress\/wp-content\/uploads\/2025\/07\/pexels-photo-3230236-e1752085537654.jpeg?fit=867%2C640&ssl=1&resize=350%2C200","width":350,"height":200,"srcset":"https:\/\/i0.wp.com\/mtc.laurentjannot.fr\/wordpress\/wp-content\/uploads\/2025\/07\/pexels-photo-3230236-e1752085537654.jpeg?fit=867%2C640&ssl=1&resize=350%2C200 1x, https:\/\/i0.wp.com\/mtc.laurentjannot.fr\/wordpress\/wp-content\/uploads\/2025\/07\/pexels-photo-3230236-e1752085537654.jpeg?fit=867%2C640&ssl=1&resize=525%2C300 1.5x, https:\/\/i0.wp.com\/mtc.laurentjannot.fr\/wordpress\/wp-content\/uploads\/2025\/07\/pexels-photo-3230236-e1752085537654.jpeg?fit=867%2C640&ssl=1&resize=700%2C400 2x"},"classes":[]}],"jetpack_shortlink":"https:\/\/wp.me\/PebM1q-D","_links":{"self":[{"href":"https:\/\/mtc.laurentjannot.fr\/wordpress\/index.php\/wp-json\/wp\/v2\/pages\/39","targetHints":{"allow":["GET"]}}],"collection":[{"href":"https:\/\/mtc.laurentjannot.fr\/wordpress\/index.php\/wp-json\/wp\/v2\/pages"}],"about":[{"href":"https:\/\/mtc.laurentjannot.fr\/wordpress\/index.php\/wp-json\/wp\/v2\/types\/page"}],"author":[{"embeddable":true,"href":"https:\/\/mtc.laurentjannot.fr\/wordpress\/index.php\/wp-json\/wp\/v2\/users\/1"}],"replies":[{"embeddable":true,"href":"https:\/\/mtc.laurentjannot.fr\/wordpress\/index.php\/wp-json\/wp\/v2\/comments?post=39"}],"version-history":[{"count":15,"href":"https:\/\/mtc.laurentjannot.fr\/wordpress\/index.php\/wp-json\/wp\/v2\/pages\/39\/revisions"}],"predecessor-version":[{"id":739,"href":"https:\/\/mtc.laurentjannot.fr\/wordpress\/index.php\/wp-json\/wp\/v2\/pages\/39\/revisions\/739"}],"wp:attachment":[{"href":"https:\/\/mtc.laurentjannot.fr\/wordpress\/index.php\/wp-json\/wp\/v2\/media?parent=39"}],"curies":[{"name":"wp","href":"https:\/\/api.w.org\/{rel}","templated":true}]}}