{"id":17,"date":"2022-08-10T17:42:28","date_gmt":"2022-08-10T15:42:28","guid":{"rendered":"https:\/\/mtc.laurentjannot.fr\/wordpress\/?page_id=17"},"modified":"2025-02-25T12:05:01","modified_gmt":"2025-02-25T11:05:01","slug":"contact","status":"publish","type":"page","link":"https:\/\/mtc.laurentjannot.fr\/wordpress\/index.php\/contact\/","title":{"rendered":"Contact"},"content":{"rendered":"\n<div class=\"wp-block-columns is-layout-flex wp-container-core-columns-is-layout-9d6595d7 wp-block-columns-is-layout-flex\">\n<div class=\"wp-block-column is-layout-flow wp-block-column-is-layout-flow\">\n<figure class=\"wp-block-image size-full is-resized\"><img data-recalc-dims=\"1\" loading=\"lazy\" decoding=\"async\" width=\"610\" height=\"600\" src=\"https:\/\/i0.wp.com\/mtc.laurentjannot.fr\/wordpress\/wp-content\/uploads\/2022\/08\/laurent2-1.jpg?resize=610%2C600&#038;ssl=1\" alt=\"\" class=\"wp-image-52\" style=\"width:256px;height:251px\" srcset=\"https:\/\/i0.wp.com\/mtc.laurentjannot.fr\/wordpress\/wp-content\/uploads\/2022\/08\/laurent2-1.jpg?w=610&amp;ssl=1 610w, https:\/\/i0.wp.com\/mtc.laurentjannot.fr\/wordpress\/wp-content\/uploads\/2022\/08\/laurent2-1.jpg?resize=300%2C295&amp;ssl=1 300w, https:\/\/i0.wp.com\/mtc.laurentjannot.fr\/wordpress\/wp-content\/uploads\/2022\/08\/laurent2-1.jpg?resize=61%2C60&amp;ssl=1 61w\" sizes=\"auto, (max-width: 610px) 100vw, 610px\" \/><\/figure>\n\n\n\n<h2 class=\"wp-block-heading\">Laurent Jannot<\/h2>\n\n\n\n<p>T\u00e9l. : <strong>06 03 24 08 66<\/strong><\/p>\n\n\n\n<p>email : <a href=\"mailto:mtc@laurentjannot.fr\">mtc@laurentjannot.fr<\/a><\/p>\n\n\n\n<p>Sur Rendez vous<\/p>\n\n\n\n<p>Siret : 513 829 663 000 48<\/p>\n\n\n\n<p>Ape : 8690F<\/p>\n\n\n\n<p>Assurance Professionnelle et juridique chez <strong>Medinat<\/strong>, &nbsp;Groupe <strong>ALLIANZ<\/strong><\/p>\n<\/div>\n\n\n\n<div class=\"wp-block-column is-layout-flow wp-block-column-is-layout-flow\">\n<p class=\"has-text-align-center\"><strong><mark style=\"background-color:rgba(0, 0, 0, 0)\" class=\"has-inline-color has-vivid-purple-color\">Horaires :<\/mark><\/strong><\/p>\n\n\n\n<p class=\"has-text-align-center\">Du lundi au Samedi, de 9h \u00e0 20h<\/p>\n\n\n\n<p><\/p>\n\n\n\n<p class=\"has-text-align-center\">***<\/p>\n\n\n\n<p class=\"has-text-align-center\"><strong><mark style=\"background-color:rgba(0, 0, 0, 0)\" class=\"has-inline-color has-vivid-red-color\">Dijon<\/mark><\/strong><\/p>\n\n\n\n<p class=\"has-text-align-center\">Lundi et Mardi<\/p>\n\n\n\n<p class=\"has-text-align-center\">(Qi Gong lundi de 18h30 \u00e0 19h30)<\/p>\n\n\n\n<p class=\"has-text-align-center\"><strong>29 Rue de Chenove,<\/strong><\/p>\n\n\n\n<p class=\"has-text-align-center\"><strong> 21000 <em>Dijon<\/em><\/strong><\/p>\n\n\n\n<p class=\"has-text-align-center\">***<\/p>\n\n\n\n<p class=\"has-text-align-center\"><strong><mark style=\"background-color:rgba(0, 0, 0, 0)\" class=\"has-inline-color has-vivid-red-color\">Saint Vallier<\/mark><\/strong><\/p>\n\n\n\n<p class=\"has-text-align-center\">Mardi, jeudi, vendredi, samedi<\/p>\n\n\n\n<p class=\"has-text-align-center has-vivid-red-color has-luminous-vivid-amber-background-color has-text-color has-background has-link-color wp-elements-74f6bb40188422bb10826a556fcf5f70\"><strong>NOUVELLE ADRESSE :<\/strong><\/p>\n\n\n\n<p class=\"has-text-align-center\"><strong>6 Rue Pasteur, 71230 <em>Saint Vallier<\/em><\/strong><\/p>\n<\/div>\n<\/div>\n\n\n<div class=\"wp-block-jetpack-contact-form\"><a href=\"https:\/\/mtc.laurentjannot.fr\/wordpress\/index.php\/contact\/\" target=\"_blank\" rel=\"noopener noreferrer\">Soumettre un formulaire.<\/a><\/div>\n\n\n<h2 class=\"wp-block-heading has-text-align-center\"><mark style=\"background-color:rgba(0, 0, 0, 0)\" class=\"has-inline-color has-vivid-red-color\">Cabinet \u00ab\u00a0LE CENTRE\u00a0\u00bb \u00e0 Dijon <\/mark><\/h2>\n\n\n\n<div class=\"wp-block-columns is-layout-flex wp-container-core-columns-is-layout-9d6595d7 wp-block-columns-is-layout-flex\">\n<div class=\"wp-block-column is-layout-flow wp-block-column-is-layout-flow\">\n<figure class=\"wp-block-table is-style-stripes\"><table><tbody><tr><td class=\"has-text-align-center\" data-align=\"center\"><\/td><td class=\"has-text-align-center\" data-align=\"center\">Le Centre est situ\u00e9 dans le nouveau p\u00f4le de vitalit\u00e9 de Dijon, face \u00e0 la Minoterie et l&rsquo;\u00e9co-quartier de l&rsquo;Arsenal. Facile d&rsquo;acc\u00e8s, il est desservi par le tram T2\/Jaur\u00e8s, \u00e0 seulement 3 stations de la gare SNCF. Voitures et 2 roues trouvent facilement \u00e0 se garer aux alentours.<\/td><\/tr><tr><td class=\"has-text-align-center\" data-align=\"center\"><\/td><td class=\"has-text-align-center\" data-align=\"center\"><img data-recalc-dims=\"1\" loading=\"lazy\" decoding=\"async\" src=\"https:\/\/i0.wp.com\/www.mtc.laurentjannot.fr\/images\/lecentredijon.jpg?resize=380%2C189&#038;ssl=1\" alt=\"Le Centre \u00e0 Dijon\" width=\"380\" height=\"189\"><br>Adresse : <strong>29 rue de Chen\u00f4ve &#8211; 21000 Dijon<\/strong><br>Pour toutes informations concernant \u00ab\u00a0Le Centre\u00a0\u00bb :<br>T\u00e9l\u00e9phone : <strong>06 17 86 63 65<\/strong><br>Email : <strong><a rel=\"noreferrer noopener\" href=\"mailto:contact@lecentre-dijon.fr\" target=\"_blank\">contact@lecentre-dijon.fr<\/a><\/strong><\/td><\/tr><\/tbody><\/table><figcaption class=\"wp-element-caption\">Cabinet de Dijon<\/figcaption><\/figure>\n<\/div>\n<\/div>\n\n\n\n<iframe src=\"https:\/\/www.google.com\/maps\/embed?pb=!1m18!1m12!1m3!1d2705.291835219427!2d5.022221315656233!3d47.308637016506616!2m3!1f0!2f0!3f0!3m2!1i1024!2i768!4f13.1!3m3!1m2!1s0x47f29db0b6429839%3A0x2ad8d6b58ec0c179!2sLe%20Centre!5e0!3m2!1sfr!2sfr!4v1660473882254!5m2!1sfr!2sfr\" style=\"border:0;\" allowfullscreen=\"\" loading=\"lazy\" referrerpolicy=\"no-referrer-when-downgrade\" width=\"600\" height=\"450\"><\/iframe>\n\n\n\n<h2 class=\"wp-block-heading has-text-align-center\"><mark style=\"background-color:rgba(0, 0, 0, 0)\" class=\"has-inline-color has-vivid-red-color\">Cabinet de Saint Vallier<\/mark><\/h2>\n\n\n\n<figure class=\"wp-block-table is-style-stripes\"><table><tbody><tr><td class=\"has-text-align-center\" data-align=\"center\">6 Rue Pasteur<br>Le Bourg<br>71230 Saint-Vallier<\/td><td class=\"has-text-align-center\" data-align=\"center\"><img data-recalc-dims=\"1\" loading=\"lazy\" decoding=\"async\" width=\"300\" height=\"169\" class=\"wp-image-73\" style=\"width: 300px;\" src=\"https:\/\/i0.wp.com\/mtc.laurentjannot.fr\/wordpress\/wp-content\/uploads\/2022\/08\/cabinet_lolo-scaled.jpg?resize=300%2C169\" alt=\"\" srcset=\"https:\/\/i0.wp.com\/mtc.laurentjannot.fr\/wordpress\/wp-content\/uploads\/2022\/08\/cabinet_lolo-scaled.jpg?w=2560&amp;ssl=1 2560w, https:\/\/i0.wp.com\/mtc.laurentjannot.fr\/wordpress\/wp-content\/uploads\/2022\/08\/cabinet_lolo-scaled.jpg?resize=300%2C169&amp;ssl=1 300w, https:\/\/i0.wp.com\/mtc.laurentjannot.fr\/wordpress\/wp-content\/uploads\/2022\/08\/cabinet_lolo-scaled.jpg?resize=1024%2C576&amp;ssl=1 1024w, https:\/\/i0.wp.com\/mtc.laurentjannot.fr\/wordpress\/wp-content\/uploads\/2022\/08\/cabinet_lolo-scaled.jpg?resize=768%2C432&amp;ssl=1 768w, https:\/\/i0.wp.com\/mtc.laurentjannot.fr\/wordpress\/wp-content\/uploads\/2022\/08\/cabinet_lolo-scaled.jpg?resize=1536%2C864&amp;ssl=1 1536w, https:\/\/i0.wp.com\/mtc.laurentjannot.fr\/wordpress\/wp-content\/uploads\/2022\/08\/cabinet_lolo-scaled.jpg?resize=2048%2C1152&amp;ssl=1 2048w, https:\/\/i0.wp.com\/mtc.laurentjannot.fr\/wordpress\/wp-content\/uploads\/2022\/08\/cabinet_lolo-scaled.jpg?resize=107%2C60&amp;ssl=1 107w, https:\/\/i0.wp.com\/mtc.laurentjannot.fr\/wordpress\/wp-content\/uploads\/2022\/08\/cabinet_lolo-scaled.jpg?w=2301&amp;ssl=1 2301w\" sizes=\"auto, (max-width: 300px) 100vw, 300px\" \/><\/td><\/tr><tr><td class=\"has-text-align-center\" data-align=\"center\"><\/td><td class=\"has-text-align-center\" data-align=\"center\"><\/td><\/tr><\/tbody><\/table><figcaption class=\"wp-element-caption\"><br>Cabinet de Saint Vallier<\/figcaption><\/figure>\n\n\n\n<figure class=\"wp-block-image size-large\"><img data-recalc-dims=\"1\" loading=\"lazy\" decoding=\"async\" width=\"767\" height=\"443\" src=\"https:\/\/i0.wp.com\/mtc.laurentjannot.fr\/wordpress\/wp-content\/uploads\/2025\/02\/cabinet-1-1.jpg?resize=767%2C443&#038;ssl=1\" alt=\"\" class=\"wp-image-1329\" srcset=\"https:\/\/i0.wp.com\/mtc.laurentjannot.fr\/wordpress\/wp-content\/uploads\/2025\/02\/cabinet-1-1.jpg?resize=1024%2C591&amp;ssl=1 1024w, https:\/\/i0.wp.com\/mtc.laurentjannot.fr\/wordpress\/wp-content\/uploads\/2025\/02\/cabinet-1-1.jpg?resize=300%2C173&amp;ssl=1 300w, https:\/\/i0.wp.com\/mtc.laurentjannot.fr\/wordpress\/wp-content\/uploads\/2025\/02\/cabinet-1-1.jpg?resize=768%2C443&amp;ssl=1 768w, https:\/\/i0.wp.com\/mtc.laurentjannot.fr\/wordpress\/wp-content\/uploads\/2025\/02\/cabinet-1-1.jpg?resize=1536%2C887&amp;ssl=1 1536w, https:\/\/i0.wp.com\/mtc.laurentjannot.fr\/wordpress\/wp-content\/uploads\/2025\/02\/cabinet-1-1.jpg?w=1997&amp;ssl=1 1997w\" sizes=\"auto, (max-width: 767px) 100vw, 767px\" \/><\/figure>\n\n\n\n<iframe src=\"https:\/\/www.google.com\/maps\/embed?pb=!1m18!1m12!1m3!1d1369.5666175656613!2d4.371032308809192!3d46.64388345185053!2m3!1f0!2f0!3f0!3m2!1i1024!2i768!4f13.1!3m3!1m2!1s0x47f3b6f33e6a3c01%3A0x68f479c15189b33b!2s6%20Rue%20Pasteur%2C%2071230%20Saint-Vallier!5e0!3m2!1sfr!2sfr!4v1740481245590!5m2!1sfr!2sfr\" width=\"600\" height=\"450\" style=\"border:0;\" allowfullscreen=\"\" loading=\"lazy\" referrerpolicy=\"no-referrer-when-downgrade\"><\/iframe>\n\n\n\n<p><\/p>\n","protected":false},"excerpt":{"rendered":"<p>Laurent Jannot T\u00e9l. : 06 03 24 08 66 email : mtc@laurentjannot.fr Sur Rendez vous Siret : 513 829 663 000 48 Ape : 8690F Assurance Professionnelle et juridique chez &hellip; <\/p>\n","protected":false},"author":1,"featured_media":0,"parent":0,"menu_order":0,"comment_status":"closed","ping_status":"closed","template":"","meta":{"footnotes":""},"class_list":["post-17","page","type-page","status-publish","hentry"],"jetpack_sharing_enabled":true,"jetpack_likes_enabled":true,"jetpack-related-posts":[],"jetpack_shortlink":"https:\/\/wp.me\/PebM1q-h","_links":{"self":[{"href":"https:\/\/mtc.laurentjannot.fr\/wordpress\/index.php\/wp-json\/wp\/v2\/pages\/17","targetHints":{"allow":["GET"]}}],"collection":[{"href":"https:\/\/mtc.laurentjannot.fr\/wordpress\/index.php\/wp-json\/wp\/v2\/pages"}],"about":[{"href":"https:\/\/mtc.laurentjannot.fr\/wordpress\/index.php\/wp-json\/wp\/v2\/types\/page"}],"author":[{"embeddable":true,"href":"https:\/\/mtc.laurentjannot.fr\/wordpress\/index.php\/wp-json\/wp\/v2\/users\/1"}],"replies":[{"embeddable":true,"href":"https:\/\/mtc.laurentjannot.fr\/wordpress\/index.php\/wp-json\/wp\/v2\/comments?post=17"}],"version-history":[{"count":31,"href":"https:\/\/mtc.laurentjannot.fr\/wordpress\/index.php\/wp-json\/wp\/v2\/pages\/17\/revisions"}],"predecessor-version":[{"id":1330,"href":"https:\/\/mtc.laurentjannot.fr\/wordpress\/index.php\/wp-json\/wp\/v2\/pages\/17\/revisions\/1330"}],"wp:attachment":[{"href":"https:\/\/mtc.laurentjannot.fr\/wordpress\/index.php\/wp-json\/wp\/v2\/media?parent=17"}],"curies":[{"name":"wp","href":"https:\/\/api.w.org\/{rel}","templated":true}]}}