{"id":16,"date":"2022-08-10T17:42:28","date_gmt":"2022-08-10T15:42:28","guid":{"rendered":"https:\/\/mtc.laurentjannot.fr\/wordpress\/?page_id=16"},"modified":"2025-07-09T20:26:58","modified_gmt":"2025-07-09T18:26:58","slug":"a-propos-de","status":"publish","type":"page","link":"https:\/\/mtc.laurentjannot.fr\/wordpress\/index.php\/a-propos-de\/","title":{"rendered":"\u00c0 propos de"},"content":{"rendered":"\n<p><strong><mark style=\"background-color:rgba(0, 0, 0, 0)\" class=\"has-inline-color has-vivid-red-color\">Mon parcours professionnel :<\/mark><\/strong><\/p>\n\n\n\n<p><strong>Praticien en M\u00e9decine Chinoise Traditionnelle (sp\u00e9cialisation Acupuncture)<\/strong>, form\u00e9 par l&rsquo;<a target=\"_blank\" href=\"http:\/\/www.chuzhen.com\" rel=\"noreferrer noopener\">Institut Chuzhen<\/a> \u00e0 Paris (cursus de 4 ans).<\/p>\n\n\n\n<ul class=\"wp-block-list\">\n<li><strong>Master Class \u00ab\u00a0Techniques de puncture et de moxibustion\u00a0\u00bb<\/strong>, Dr Wang Liping, vice directrice de l\u2019h\u00f4pital Ruguosi de P\u00e9kin.<br><\/li>\n\n\n\n<li><strong>Master Class \u00ab\u00a0Rhumatismes et douleurs\u00a0\u00bb<\/strong>, Dr Wang Liping, vice directrice de l\u2019h\u00f4pital Ruguosi de P\u00e9kin.<br><\/li>\n\n\n\n<li><strong>Cours d&rsquo;acupuncture abdominale selon selon Dr Zhiyun Bo<\/strong>, aupr\u00e8s de Dr Wang Liping, vice directrice de l\u2019h\u00f4pital Ruguosi de P\u00e9kin, et aupr\u00e8s de Dr Yi Rong, de l&rsquo;h\u00f4pital de Kunming.<br> <\/li>\n\n\n\n<li><strong>Master Class \u00ab\u00a0Gyn\u00e9cologie\u00a0\u00bb<\/strong>, Dr Li Dong Mei, de l\u2019h\u00f4pital Ruguosi de P\u00e9kin.<br><\/li>\n\n\n\n<li><strong>Master Class \u00ab\u00a0Auriculoth\u00e9rapie et neurologie\u00a0\u00bb<\/strong>, Dr Wang Yangping de la \u00ab\u00a0Beijing University of Chinese Medicine\u00a0\u00bb.<\/li>\n<\/ul>\n\n\n\n<ul class=\"wp-block-list\">\n<li><strong>Formation \u00ab&nbsp;Lifting par acupuncture&nbsp;\u00bb,<\/strong> par Am\u00e9lie Delaporte-Digard, \u00e9l\u00e8ve du Docteur Song Jeon-hwa, Docteur cor\u00e9enne en m\u00e9decine, dipl\u00f4m\u00e9e de la prestigieuse Kyong Hee University, ou elle enseigne actuellement, elle a d\u00e9velopp\u00e9e la m\u00e9thode F.A.C.E. : le charme et l&rsquo;\u00e9l\u00e9gance par l&rsquo;acupuncture faciale.<\/li>\n<\/ul>\n\n\n<div class=\"wp-block-image\">\n<figure class=\"aligncenter\"><a href=\"http:\/\/test.wfcms.org\/English\"><img data-recalc-dims=\"1\" decoding=\"async\" src=\"https:\/\/i0.wp.com\/www.mtc.laurentjannot.fr\/contact_clip_image002.jpg?w=767&#038;ssl=1\" alt=\"WFCMS\"\/><\/a><\/figure>\n<\/div>\n\n\n<ul class=\"wp-block-list\">\n<li><strong>Membre du WFCMS<\/strong> (Specialty Committee and Working Committee <strong>Pediatric<\/strong>) F\u00e9d\u00e9ration mondiale de m\u00e9decine Chinoise, Comit\u00e9 de travail p\u00e9diatrique<\/li>\n<\/ul>\n\n\n\n<ul class=\"wp-block-list\">\n<li><strong>2022<\/strong> : <strong>Formation sur les syndromes de la D\u00e9pression, Th\u00e9ories du cerveau, Le Du Mai, Techniques de puncture DAO QI<\/strong> par le professeur Amad Maholida (Phd), professeur de l\u2019universit\u00e9 de M\u00e9decine Traditionnelle Chinoise de Nan Jing. Il a r\u00e9alis\u00e9 une th\u00e8se en PhD pendant 3 ans \u00e0 l\u2019h\u00f4pital de neuropsychiatrie de Nan Jing sur l\u2019utilisation de la m\u00e9thode de puncture \u00ab Dao Qi : conduction du Qi \u00bb sur les patients hospitalis\u00e9s souffrant de d\u00e9pression.<br>Il exerce \u00e0 pr\u00e9sent en Suisse et procure r\u00e9guli\u00e8rement ses enseignements en France comme en Suisse.<\/li>\n<\/ul>\n\n\n\n<ul class=\"wp-block-list\">\n<li><strong>2022 : Formation Niveau 1 de Qi Nei Tsang<\/strong>, Massage Abdominal des organes et des \u00e9motions, par Emmanuelle Setzer, \u00e9l\u00e8ve de Gilles Marin.<\/li>\n\n\n\n<li><strong>2023 : Formation Niveau 2 de Qi Nei Tsang<\/strong>, Massage Abdominal des organes et des \u00e9motions, par Emmanuelle Setzer, \u00e9l\u00e8ve de Gilles Marin.<\/li>\n<\/ul>\n\n\n\n<ul class=\"wp-block-list\">\n<li><strong>Pr\u00e9sident et \u00e0 l&rsquo;origine de l&rsquo;association \u00ab\u00a0Jardin des Pratiques Naturelles\u00a0\u00bb<\/strong> <strong>JPN<\/strong>, dont le but est la mise en commun et le partage des connaissances de nos membres,\u00ab th\u00e9rapeutes ou non th\u00e9rapeutes \u00bb, dans un but de pr\u00e9vention, d&rsquo;accompagnement, d\u2019acc\u00e8s \u00e0 l\u2019autonomisation pour chaque personne.<\/li>\n<\/ul>\n","protected":false},"excerpt":{"rendered":"<p>Mon parcours professionnel : Praticien en M\u00e9decine Chinoise Traditionnelle (sp\u00e9cialisation Acupuncture), form\u00e9 par l&rsquo;Institut Chuzhen \u00e0 Paris (cursus de 4 ans).<\/p>\n","protected":false},"author":1,"featured_media":1491,"parent":0,"menu_order":0,"comment_status":"closed","ping_status":"closed","template":"","meta":{"footnotes":""},"class_list":["post-16","page","type-page","status-publish","has-post-thumbnail","hentry"],"jetpack_sharing_enabled":true,"jetpack_likes_enabled":true,"jetpack-related-posts":[{"id":102,"url":"https:\/\/mtc.laurentjannot.fr\/wordpress\/index.php\/arret-du-tabac\/","url_meta":{"origin":16,"position":0},"title":"Arr\u00eat du Tabac","author":"laurent jannot","date":"11 ao\u00fbt 2022","format":false,"excerpt":"Bient\u00f4t le nouvel an, le temps des r\u00e9solutions pour la nouvelle ann\u00e9e ou bien les vacances qui arrivent et l'envie de changer les mauvaises habitudes ? Vous \u00eates motiv\u00e9 ? Vous connaissez les bienfaits de l'acupuncture ? La premi\u00e8re chose qui est demand\u00e9e \u00e0 une personne qui d\u00e9cide d'arr\u00eater de\u2026","rel":"","context":"Article similaire","block_context":{"text":"Article similaire","link":""},"img":{"alt_text":"","src":"https:\/\/i0.wp.com\/mtc.laurentjannot.fr\/wordpress\/wp-content\/uploads\/2022\/08\/auriculo-2.jpg?resize=350%2C200&ssl=1","width":350,"height":200,"srcset":"https:\/\/i0.wp.com\/mtc.laurentjannot.fr\/wordpress\/wp-content\/uploads\/2022\/08\/auriculo-2.jpg?resize=350%2C200&ssl=1 1x, https:\/\/i0.wp.com\/mtc.laurentjannot.fr\/wordpress\/wp-content\/uploads\/2022\/08\/auriculo-2.jpg?resize=525%2C300&ssl=1 1.5x, https:\/\/i0.wp.com\/mtc.laurentjannot.fr\/wordpress\/wp-content\/uploads\/2022\/08\/auriculo-2.jpg?resize=700%2C400&ssl=1 2x"},"classes":[]},{"id":37,"url":"https:\/\/mtc.laurentjannot.fr\/wordpress\/index.php\/pratiques\/","url_meta":{"origin":16,"position":1},"title":"Pratiques","author":"laurent jannot","date":"11 ao\u00fbt 2022","format":false,"excerpt":"D'abord le Dialogue ... Le praticien de M\u00e9decine Traditionnelle Chinoise que vous consultez aujourd'hui se renseignera sur vos habitudes quotidiennes (lieux de vie, alimentation, travail, sommeil, \u00e9motions, etc.) et au besoin vous conseillera sur un comportement plus conforme \u00e0 certaines r\u00e8gles \"naturelles\". Rigueur et m\u00e9thode ... Le praticien de M\u00e9decine\u2026","rel":"","context":"Article similaire","block_context":{"text":"Article similaire","link":""},"img":{"alt_text":"","src":"https:\/\/i0.wp.com\/mtc.laurentjannot.fr\/wordpress\/wp-content\/uploads\/2022\/08\/dietetique.jpg?resize=350%2C200&ssl=1","width":350,"height":200},"classes":[]},{"id":38,"url":"https:\/\/mtc.laurentjannot.fr\/wordpress\/","url_meta":{"origin":16,"position":2},"title":"Soins","author":"laurent jannot","date":"11 ao\u00fbt 2022","format":false,"excerpt":"Le champ d\u2019action de la m\u00e9decine traditionnelle chinoise est large. Champs d'actionDans le cas de troubles suivants, la M\u00e9decine Traditionnelle Chinoise est une aide tr\u00e8s efficace, notamment en ce qui concerne la pr\u00e9vention : Stress (selon des \u00e9tudes r\u00e9centes, 80 % des maladies seraient\u00a0li\u00e9es au stress)Maux de t\u00eates et migrainesFatigue\u2026","rel":"","context":"Article similaire","block_context":{"text":"Article similaire","link":""},"img":{"alt_text":"","src":"","width":0,"height":0},"classes":[]},{"id":108,"url":"https:\/\/mtc.laurentjannot.fr\/wordpress\/index.php\/qi-gong\/","url_meta":{"origin":16,"position":3},"title":"Qi Gong","author":"laurent jannot","date":"11 ao\u00fbt 2022","format":false,"excerpt":"\u00a0 Cours de Qi Gong \u00e0 Dijon, chaque Lundi de 18h30 \u00e0 19h30 J'anime un cours d'initiation au Qi gong chaque lundi soir au 29 rue de Chenove, \u00e0 Dijon, au \"Centre\" un cours seul est \u00e0 : 15\u20ac, une carte d'abonnement pour 10 cours, soit un cours par semaine\u2026","rel":"","context":"Article similaire","block_context":{"text":"Article similaire","link":""},"img":{"alt_text":"","src":"https:\/\/i0.wp.com\/mtc.laurentjannot.fr\/wordpress\/wp-content\/uploads\/2022\/08\/wudang-montagne.jpg?resize=350%2C200&ssl=1","width":350,"height":200,"srcset":"https:\/\/i0.wp.com\/mtc.laurentjannot.fr\/wordpress\/wp-content\/uploads\/2022\/08\/wudang-montagne.jpg?resize=350%2C200&ssl=1 1x, https:\/\/i0.wp.com\/mtc.laurentjannot.fr\/wordpress\/wp-content\/uploads\/2022\/08\/wudang-montagne.jpg?resize=525%2C300&ssl=1 1.5x, https:\/\/i0.wp.com\/mtc.laurentjannot.fr\/wordpress\/wp-content\/uploads\/2022\/08\/wudang-montagne.jpg?resize=700%2C400&ssl=1 2x"},"classes":[]},{"id":1436,"url":"https:\/\/mtc.laurentjannot.fr\/wordpress\/index.php\/vous-naimez-pas-les-aiguilles-essayez-le-massage-chinois\/","url_meta":{"origin":16,"position":4},"title":"Vous n&rsquo;aimez pas les aiguilles ? Essayez les Massages Chinois","author":"laurent jannot","date":"8 juillet 2025","format":false,"excerpt":"Le massage chinois offre de nombreux bienfaits au niveau physique et psychique. Le massage chinois est \u00e9troitement li\u00e9 \u00e0 l'acupuncture et se concentre sur les canaux et les points d'\u00e9nergie qui transportent et guident le sang ou le Qi dans l'ensemble du corps. Ce type de massage permet de prot\u00e9ger\u2026","rel":"","context":"Article similaire","block_context":{"text":"Article similaire","link":""},"img":{"alt_text":"person doing massage","src":"https:\/\/i0.wp.com\/mtc.laurentjannot.fr\/wordpress\/wp-content\/uploads\/2025\/07\/pexels-photo-3230236-e1752085537654.jpeg?fit=867%2C640&ssl=1&resize=350%2C200","width":350,"height":200,"srcset":"https:\/\/i0.wp.com\/mtc.laurentjannot.fr\/wordpress\/wp-content\/uploads\/2025\/07\/pexels-photo-3230236-e1752085537654.jpeg?fit=867%2C640&ssl=1&resize=350%2C200 1x, https:\/\/i0.wp.com\/mtc.laurentjannot.fr\/wordpress\/wp-content\/uploads\/2025\/07\/pexels-photo-3230236-e1752085537654.jpeg?fit=867%2C640&ssl=1&resize=525%2C300 1.5x, https:\/\/i0.wp.com\/mtc.laurentjannot.fr\/wordpress\/wp-content\/uploads\/2025\/07\/pexels-photo-3230236-e1752085537654.jpeg?fit=867%2C640&ssl=1&resize=700%2C400 2x"},"classes":[]},{"id":1239,"url":"https:\/\/mtc.laurentjannot.fr\/wordpress\/index.php\/champs-dactions\/","url_meta":{"origin":16,"position":5},"title":"Champs d&rsquo;actions :","author":"laurent jannot","date":"30 d\u00e9cembre 2024","format":false,"excerpt":"Stress (selon des \u00e9tudes r\u00e9centes,80 % des maladies seraient li\u00e9es au stress)Maux de t\u00eates et migrainesFatigue et burn-outD\u00e9pressionProbl\u00e8mes \u00e9motionnelsDouleurs de dos, nuque, \u00e9paules, \u2026Lumbagos, sciatiquesProbl\u00e8mes articulaires et tendinitesProbl\u00e8mes digestifs :constipation, diarrh\u00e9e, ballonnement\u2026Probl\u00e8mes de sommeil :insomnies, cauchemars, hypersomnie\u2026Probl\u00e8mes menstruels, m\u00e9nopause, \u2026Probl\u00e8mes de peauGestion des liquides, mauvaise \u00e9liminationRhumatismesMaladies respiratoiresAffections de la voixProbl\u00e8mes\u2026","rel":"","context":"Article similaire","block_context":{"text":"Article similaire","link":""},"img":{"alt_text":"","src":"","width":0,"height":0},"classes":[]}],"jetpack_shortlink":"https:\/\/wp.me\/PebM1q-g","_links":{"self":[{"href":"https:\/\/mtc.laurentjannot.fr\/wordpress\/index.php\/wp-json\/wp\/v2\/pages\/16","targetHints":{"allow":["GET"]}}],"collection":[{"href":"https:\/\/mtc.laurentjannot.fr\/wordpress\/index.php\/wp-json\/wp\/v2\/pages"}],"about":[{"href":"https:\/\/mtc.laurentjannot.fr\/wordpress\/index.php\/wp-json\/wp\/v2\/types\/page"}],"author":[{"embeddable":true,"href":"https:\/\/mtc.laurentjannot.fr\/wordpress\/index.php\/wp-json\/wp\/v2\/users\/1"}],"replies":[{"embeddable":true,"href":"https:\/\/mtc.laurentjannot.fr\/wordpress\/index.php\/wp-json\/wp\/v2\/comments?post=16"}],"version-history":[{"count":6,"href":"https:\/\/mtc.laurentjannot.fr\/wordpress\/index.php\/wp-json\/wp\/v2\/pages\/16\/revisions"}],"predecessor-version":[{"id":729,"href":"https:\/\/mtc.laurentjannot.fr\/wordpress\/index.php\/wp-json\/wp\/v2\/pages\/16\/revisions\/729"}],"wp:featuredmedia":[{"embeddable":true,"href":"https:\/\/mtc.laurentjannot.fr\/wordpress\/index.php\/wp-json\/wp\/v2\/media\/1491"}],"wp:attachment":[{"href":"https:\/\/mtc.laurentjannot.fr\/wordpress\/index.php\/wp-json\/wp\/v2\/media?parent=16"}],"curies":[{"name":"wp","href":"https:\/\/api.w.org\/{rel}","templated":true}]}}