{"id":153,"date":"2022-08-12T16:13:22","date_gmt":"2022-08-12T14:13:22","guid":{"rendered":"https:\/\/mtc.laurentjannot.fr\/wordpress\/?page_id=153"},"modified":"2022-08-15T15:08:39","modified_gmt":"2022-08-15T13:08:39","slug":"soucis-feminins","status":"publish","type":"page","link":"https:\/\/mtc.laurentjannot.fr\/wordpress\/index.php\/soucis-feminins\/","title":{"rendered":"Soucis F\u00e9minins"},"content":{"rendered":"\n<ul class=\"wp-block-list\"><li>Perdre du poids<\/li><li>Sommeil<\/li><li>Libido<\/li><li>Grossesse (naus\u00e9es, fatigue, retournement du b\u00e9b\u00e9, ouverture du col, terme, &#8230;)<\/li><li>Infertilit\u00e9<\/li><li>Syndromes pr\u00e9menstruels<\/li><li>Les cycles (douleur, absence, abondance, non r\u00e9gulier, fatigue, d\u00e9prime, &#8230;)<\/li><li>Troubles de la Pr\u00e9-m\u00e9nopause et de la m\u00e9nopause<\/li><li>Rides<\/li><li>Anorexie, Boulimie<\/li><li>Thyro\u00efde<\/li><li>Stress<\/li><\/ul>\n","protected":false},"excerpt":{"rendered":"<p>Perdre du poids Sommeil Libido Grossesse (naus\u00e9es, fatigue, retournement du b\u00e9b\u00e9, ouverture du col, terme, &#8230;) Infertilit\u00e9 Syndromes pr\u00e9menstruels Les cycles (douleur, absence, abondance, non r\u00e9gulier, fatigue, d\u00e9prime, &#8230;) Troubles &hellip; <\/p>\n","protected":false},"author":1,"featured_media":0,"parent":0,"menu_order":0,"comment_status":"closed","ping_status":"closed","template":"","meta":{"footnotes":""},"class_list":["post-153","page","type-page","status-publish","hentry"],"jetpack_sharing_enabled":true,"jetpack_likes_enabled":true,"jetpack-related-posts":[{"id":38,"url":"https:\/\/mtc.laurentjannot.fr\/wordpress\/","url_meta":{"origin":153,"position":0},"title":"Soins","author":"laurent jannot","date":"11 ao\u00fbt 2022","format":false,"excerpt":"Le champ d\u2019action de la m\u00e9decine traditionnelle chinoise est large. Champs d'actionDans le cas de troubles suivants, la M\u00e9decine Traditionnelle Chinoise est une aide tr\u00e8s efficace, notamment en ce qui concerne la pr\u00e9vention : Stress (selon des \u00e9tudes r\u00e9centes, 80 % des maladies seraient\u00a0li\u00e9es au stress)Maux de t\u00eates et migrainesFatigue\u2026","rel":"","context":"Article similaire","block_context":{"text":"Article similaire","link":""},"img":{"alt_text":"","src":"","width":0,"height":0},"classes":[]},{"id":1436,"url":"https:\/\/mtc.laurentjannot.fr\/wordpress\/index.php\/vous-naimez-pas-les-aiguilles-essayez-le-massage-chinois\/","url_meta":{"origin":153,"position":1},"title":"Vous n&rsquo;aimez pas les aiguilles ? Essayez les Massages Chinois","author":"laurent jannot","date":"8 juillet 2025","format":false,"excerpt":"Le massage chinois offre de nombreux bienfaits au niveau physique et psychique. Le massage chinois est \u00e9troitement li\u00e9 \u00e0 l'acupuncture et se concentre sur les canaux et les points d'\u00e9nergie qui transportent et guident le sang ou le Qi dans l'ensemble du corps. Ce type de massage permet de prot\u00e9ger\u2026","rel":"","context":"Article similaire","block_context":{"text":"Article similaire","link":""},"img":{"alt_text":"person doing massage","src":"https:\/\/i0.wp.com\/mtc.laurentjannot.fr\/wordpress\/wp-content\/uploads\/2025\/07\/pexels-photo-3230236-e1752085537654.jpeg?fit=867%2C640&ssl=1&resize=350%2C200","width":350,"height":200,"srcset":"https:\/\/i0.wp.com\/mtc.laurentjannot.fr\/wordpress\/wp-content\/uploads\/2025\/07\/pexels-photo-3230236-e1752085537654.jpeg?fit=867%2C640&ssl=1&resize=350%2C200 1x, https:\/\/i0.wp.com\/mtc.laurentjannot.fr\/wordpress\/wp-content\/uploads\/2025\/07\/pexels-photo-3230236-e1752085537654.jpeg?fit=867%2C640&ssl=1&resize=525%2C300 1.5x, https:\/\/i0.wp.com\/mtc.laurentjannot.fr\/wordpress\/wp-content\/uploads\/2025\/07\/pexels-photo-3230236-e1752085537654.jpeg?fit=867%2C640&ssl=1&resize=700%2C400 2x"},"classes":[]},{"id":37,"url":"https:\/\/mtc.laurentjannot.fr\/wordpress\/index.php\/pratiques\/","url_meta":{"origin":153,"position":2},"title":"Pratiques","author":"laurent jannot","date":"11 ao\u00fbt 2022","format":false,"excerpt":"D'abord le Dialogue ... Le praticien de M\u00e9decine Traditionnelle Chinoise que vous consultez aujourd'hui se renseignera sur vos habitudes quotidiennes (lieux de vie, alimentation, travail, sommeil, \u00e9motions, etc.) et au besoin vous conseillera sur un comportement plus conforme \u00e0 certaines r\u00e8gles \"naturelles\". Rigueur et m\u00e9thode ... Le praticien de M\u00e9decine\u2026","rel":"","context":"Article similaire","block_context":{"text":"Article similaire","link":""},"img":{"alt_text":"","src":"https:\/\/i0.wp.com\/mtc.laurentjannot.fr\/wordpress\/wp-content\/uploads\/2022\/08\/dietetique.jpg?resize=350%2C200&ssl=1","width":350,"height":200},"classes":[]}],"jetpack_shortlink":"https:\/\/wp.me\/PebM1q-2t","_links":{"self":[{"href":"https:\/\/mtc.laurentjannot.fr\/wordpress\/index.php\/wp-json\/wp\/v2\/pages\/153","targetHints":{"allow":["GET"]}}],"collection":[{"href":"https:\/\/mtc.laurentjannot.fr\/wordpress\/index.php\/wp-json\/wp\/v2\/pages"}],"about":[{"href":"https:\/\/mtc.laurentjannot.fr\/wordpress\/index.php\/wp-json\/wp\/v2\/types\/page"}],"author":[{"embeddable":true,"href":"https:\/\/mtc.laurentjannot.fr\/wordpress\/index.php\/wp-json\/wp\/v2\/users\/1"}],"replies":[{"embeddable":true,"href":"https:\/\/mtc.laurentjannot.fr\/wordpress\/index.php\/wp-json\/wp\/v2\/comments?post=153"}],"version-history":[{"count":5,"href":"https:\/\/mtc.laurentjannot.fr\/wordpress\/index.php\/wp-json\/wp\/v2\/pages\/153\/revisions"}],"predecessor-version":[{"id":552,"href":"https:\/\/mtc.laurentjannot.fr\/wordpress\/index.php\/wp-json\/wp\/v2\/pages\/153\/revisions\/552"}],"wp:attachment":[{"href":"https:\/\/mtc.laurentjannot.fr\/wordpress\/index.php\/wp-json\/wp\/v2\/media?parent=153"}],"curies":[{"name":"wp","href":"https:\/\/api.w.org\/{rel}","templated":true}]}}