{"id":1436,"date":"2025-07-08T18:11:25","date_gmt":"2025-07-08T16:11:25","guid":{"rendered":"https:\/\/mtc.laurentjannot.fr\/wordpress\/?page_id=1436"},"modified":"2025-07-09T20:01:29","modified_gmt":"2025-07-09T18:01:29","slug":"vous-naimez-pas-les-aiguilles-essayez-le-massage-chinois","status":"publish","type":"page","link":"https:\/\/mtc.laurentjannot.fr\/wordpress\/index.php\/vous-naimez-pas-les-aiguilles-essayez-le-massage-chinois\/","title":{"rendered":"Vous n&rsquo;aimez pas les aiguilles ? Essayez les Massages Chinois"},"content":{"rendered":"<div class=\"wp-block-image is-style-default\">\n<figure class=\"aligncenter size-full is-resized\"><img data-recalc-dims=\"1\" loading=\"lazy\" decoding=\"async\" width=\"767\" height=\"1150\" src=\"https:\/\/i0.wp.com\/mtc.laurentjannot.fr\/wordpress\/wp-content\/uploads\/2025\/07\/pexels-photo-3998004.jpeg?resize=767%2C1150&#038;ssl=1\" alt=\"topless woman having a body massage\" class=\"wp-image-1475\" style=\"width:440px;height:auto\" srcset=\"https:\/\/i0.wp.com\/mtc.laurentjannot.fr\/wordpress\/wp-content\/uploads\/2025\/07\/pexels-photo-3998004.jpeg?w=867&amp;ssl=1 867w, https:\/\/i0.wp.com\/mtc.laurentjannot.fr\/wordpress\/wp-content\/uploads\/2025\/07\/pexels-photo-3998004.jpeg?resize=200%2C300&amp;ssl=1 200w, https:\/\/i0.wp.com\/mtc.laurentjannot.fr\/wordpress\/wp-content\/uploads\/2025\/07\/pexels-photo-3998004.jpeg?resize=683%2C1024&amp;ssl=1 683w, https:\/\/i0.wp.com\/mtc.laurentjannot.fr\/wordpress\/wp-content\/uploads\/2025\/07\/pexels-photo-3998004.jpeg?resize=768%2C1152&amp;ssl=1 768w\" sizes=\"auto, (max-width: 767px) 100vw, 767px\" \/><\/figure>\n<\/div>\n\n\n<p>Le <strong>massage chinois<\/strong> offre de nombreux bienfaits au niveau physique et psychique. Le <strong>massage chinois<\/strong> est \u00e9troitement li\u00e9 \u00e0 l&rsquo;acupuncture et se concentre sur les canaux et les points d&rsquo;\u00e9nergie qui transportent et guident le sang ou le <strong>Qi<\/strong> dans l&rsquo;ensemble du corps. Ce type de massage permet de prot\u00e9ger la personne contre diff\u00e9rentes infections et de maintenir le fonctionnement optimal des organes.<\/p>\n\n\n\n<p>Le Massage Chinoise stimule le Qi \u00e0 l&rsquo;int\u00e9rieur du corps. En effet, cela se produit par des <strong>pressions digitales<\/strong> aux endroits strat\u00e9giques de la <strong>circulation du Qi<\/strong>. Rappelons que le Qi est l&rsquo;une des <strong>cinq substances vitales<\/strong> (avec le sang, les liquides organiques, les Esprits et les essences). Ces substances servent \u00e0 <strong>maintenir l&rsquo;\u00e9quilibre de l&rsquo;organisme<\/strong>.<\/p>\n\n\n\n<p class=\"has-medium-font-size\">Cette m\u00e9thode permet d&rsquo;am\u00e9liorer le bien-\u00eatre g\u00e9n\u00e9ral de notre corps et de notre esprit par la stimulation de diff\u00e9rents points d&rsquo;\u00e9nergie. Les noeuds sont alors d\u00e9bloqu\u00e9s pour laisser place \u00e0 une \u00e9nergie vitale plus saine, aussi appel\u00e9e Qi. Cette substance circule dans notre organisme par les m\u00e9ridiens. Elle permet de maintenir l&rsquo;\u00e9quilibre de notre corps, autrement dit le Yin et le Yang en m\u00e9decine chinoise.<\/p>\n\n\n\n<h2 class=\"wp-block-heading has-vivid-red-color has-text-color has-link-color wp-elements-198f73514d7dcca81e585ddb7dabe1e0\">Plusieurs types de massages possible :<\/h2>\n\n\n\n<h3 class=\"wp-block-heading\">Le Qi Nei Tsang : Massage abdominal<\/h3>\n\n\n\n<div class=\"wp-block-columns is-layout-flex wp-container-core-columns-is-layout-9d6595d7 wp-block-columns-is-layout-flex\">\n<div class=\"wp-block-column is-layout-flow wp-block-column-is-layout-flow\" style=\"flex-basis:100%\">\n<div class=\"wp-block-columns is-layout-flex wp-container-core-columns-is-layout-9d6595d7 wp-block-columns-is-layout-flex\">\n<div class=\"wp-block-column is-layout-flow wp-block-column-is-layout-flow\"><div class=\"wp-block-image\">\n<figure class=\"aligncenter size-large\"><img data-recalc-dims=\"1\" loading=\"lazy\" decoding=\"async\" width=\"767\" height=\"959\" src=\"https:\/\/i0.wp.com\/mtc.laurentjannot.fr\/wordpress\/wp-content\/uploads\/2025\/07\/pexels-photo-29821661.jpeg?resize=767%2C959&#038;ssl=1\" alt=\"therapist performing abdominal massage therapy\" class=\"wp-image-1469\" srcset=\"https:\/\/i0.wp.com\/mtc.laurentjannot.fr\/wordpress\/wp-content\/uploads\/2025\/07\/pexels-photo-29821661.jpeg?resize=819%2C1024&amp;ssl=1 819w, https:\/\/i0.wp.com\/mtc.laurentjannot.fr\/wordpress\/wp-content\/uploads\/2025\/07\/pexels-photo-29821661.jpeg?resize=240%2C300&amp;ssl=1 240w, https:\/\/i0.wp.com\/mtc.laurentjannot.fr\/wordpress\/wp-content\/uploads\/2025\/07\/pexels-photo-29821661.jpeg?resize=768%2C960&amp;ssl=1 768w, https:\/\/i0.wp.com\/mtc.laurentjannot.fr\/wordpress\/wp-content\/uploads\/2025\/07\/pexels-photo-29821661.jpeg?w=1040&amp;ssl=1 1040w\" sizes=\"auto, (max-width: 767px) 100vw, 767px\" \/><figcaption class=\"wp-element-caption\">Qi Nei Tsang<\/figcaption><\/figure>\n<\/div><\/div>\n\n\n\n<div class=\"wp-block-column is-layout-flow wp-block-column-is-layout-flow\">\n<details class=\"wp-block-details is-layout-flow wp-block-details-is-layout-flow\"><summary>Malgr\u00e9 son nom difficilement pronon\u00e7able, ce savoir faire issu de la m\u00e9decine traditionnelle chinoise permet d\u2019harmoniser nos \u00e9motions. Comment ? Par un massage abdominal des organes internes.<br>Que signifie Chi Nei Tsang ? Cette technique d\u2019approche visc\u00e9rale combine 3 mots signifiant : \u00ab\u00a0chi\u00a0\u00bb pour <em>\u00e9nergie<\/em>,\u00a0 \u00ab\u00a0nei\u00a0\u00bb pour <em>interne<\/em> et \u00ab\u00a0tsang\u00a0\u00bb voulant dire <em>organes<\/em>. On comprend ainsi qu\u2019il s\u2019agit d\u2019un travail sur l\u2019\u00e9nergie interne des organes.<br>D\u00e9j\u00e0 bien pr\u00e9sent dans notre riche langue fran\u00e7aise \u00e0 travers des expressions bien connues telles que <em>\u00ab\u00a0Avoir des papillons dans le ventre\u00a0\u00bb<\/em>, <em>\u00ab\u00a0Se faire de la bile\u00a0\u00bb<\/em> ou encore <em>\u00ab\u00a0Avoir l\u2019estomac nou\u00e9\u00a0\u00bb<\/em>, notre ventre occupe une place capitale dans notre sant\u00e9 !<\/summary>\n<p><\/p>\n<\/details>\n<\/div>\n<\/div>\n<\/div>\n<\/div>\n\n\n\n<p>L\u2019abdomen, ou plus exactement l\u2019intestin et son syst\u00e8me digestif se connectent \u00e0 notre cerveau gr\u00e2ce \u00e0 plus de <strong>200<\/strong> millions de neurones. Cet organe r\u00e9gulateur de notre digestion poss\u00e8de un autre r\u00f4le moins connu : il est le si\u00e8ge de nos \u00e9motions. Ce syst\u00e8me nerveux parall\u00e8le agit sur notre activit\u00e9 c\u00e9r\u00e9brale et \u00e9motionnelle et participe \u00e0 la r\u00e9gulation de notre humeur. D\u2019apr\u00e8s les recherches scientifiques, notre intestin produit <strong>95%<\/strong> de la s\u00e9rotonine totale de notre corps ! La production de s\u00e9rotonine favorise le calme et la stabilit\u00e9, on l\u2019appelle commun\u00e9ment \u00ab&nbsp;l\u2019hormone du bonheur&nbsp;\u00bb.<\/p>\n\n\n\n<h4 class=\"wp-block-heading has-text-align-center\">DES BIENFAITS PHYSIQUES<\/h4>\n\n\n\n<ul class=\"wp-block-list\">\n<li>Renforcement du syst\u00e8me <strong>immunitaire<\/strong><\/li>\n\n\n\n<li><strong>Rel\u00e2chement<\/strong> musculaire total avec un boost de l\u2019\u00e9nergie interne<\/li>\n\n\n\n<li>R\u00e9duction des <strong>douleurs<\/strong> dorsales et ventrales<\/li>\n\n\n\n<li>Am\u00e9lioration de la <strong>circulation<\/strong> des fluides organiques tels que le sang<\/li>\n\n\n\n<li><strong>Diminution<\/strong> de l\u2019\u00e9tat de stress et de fatigue<\/li>\n\n\n\n<li>D\u00e9toxification des organes, <strong>\u00e9limination<\/strong> des toxines et purification<\/li>\n\n\n\n<li>Att\u00e9nuation voire disparition des troubles du<strong> transit <\/strong>(constipation, diarrh\u00e9e, spasmes, etc.)<\/li>\n\n\n\n<li>Am\u00e9lioration du <strong>sommeil<\/strong><\/li>\n<\/ul>\n\n\n\n<h4 class=\"wp-block-heading has-text-align-center\">DES BIENFAITS PSYCHIQUES<\/h4>\n\n\n\n<ul class=\"wp-block-list\">\n<li><strong>Connexion<\/strong> intense \u00e0 son corps, ses sensations et \u00e9motions<\/li>\n\n\n\n<li>Gr\u00e2ce \u00e0 une d\u00e9tente du diaphragme et du plexus solaire, sentiment de <strong>bien-\u00eatre<\/strong> g\u00e9n\u00e9ral<\/li>\n\n\n\n<li>Lib\u00e9ration des \u00e9nergies n\u00e9gatives, <strong>r\u00e9\u00e9quilibrage<\/strong> du syst\u00e8me nerveux<\/li>\n\n\n\n<li>Meilleure <strong>gestion<\/strong> du stress<\/li>\n\n\n\n<li><strong>Diminution<\/strong> de l\u2019anxi\u00e9t\u00e9, du mal-\u00eatre, de la d\u00e9pression<\/li>\n\n\n\n<li>Sentiment de bien-\u00eatre et de <strong>vitalit\u00e9<\/strong><\/li>\n\n\n\n<li>Prise de conscience de son <strong>potentiel<\/strong> physique et intellectuel<\/li>\n<\/ul>\n\n\n\n<p class=\"has-vivid-purple-color has-text-color has-link-color has-large-font-size wp-elements-4891d3e20fbbeaa727369f6925dece8a\"><strong>Massage du corps<\/strong>, \u00e0 l&rsquo;huile tonifiante ou relaxante<\/p>\n\n\n\n<p>le massage chinois est pens\u00e9 pour <strong>r\u00e9\u00e9quilibrer les \u00e9nergies du corps<\/strong> et permettre ainsi une <strong>relaxation<\/strong> totale.<\/p>\n\n\n\n<p>D&rsquo;apr\u00e8s la philosophie chinoise, l&rsquo;\u00e9nergie vitale ou Qi impr\u00e8gne l&rsquo;univers tout entier: c&rsquo;est la force dynamisante \u00e0 la base de toute vie. Dans notre corps, le Qi circule \u00e0 travers des canaux appel\u00e9s m\u00e9ridiens, apportant de l&rsquo;\u00e9nergie aux organes, aux tissus, et sur le plan psychologique. Le massage chinois utilise des pressions le long des m\u00e9ridiens, sur des points sp\u00e9cifiques stimulants ainsi la circulation du Qi, pour la rendre plus libre et plus r\u00e9guli\u00e8re. La r\u00e9partition du Qi \u00e0 travers le corps a de profondes r\u00e9percussions sur le bien-\u00eatre \u00e9motionnellement, intellectuellement, spirituellement autant que physiquement.<\/p>\n\n\n<div class=\"wp-block-image\">\n<figure class=\"aligncenter size-full is-resized\"><img data-recalc-dims=\"1\" loading=\"lazy\" decoding=\"async\" width=\"767\" height=\"1150\" src=\"https:\/\/i0.wp.com\/mtc.laurentjannot.fr\/wordpress\/wp-content\/uploads\/2025\/07\/pexels-photo-19641816.jpeg?resize=767%2C1150&#038;ssl=1\" alt=\"massage therapist using mud on a womans back\" class=\"wp-image-1479\" style=\"width:533px;height:auto\" srcset=\"https:\/\/i0.wp.com\/mtc.laurentjannot.fr\/wordpress\/wp-content\/uploads\/2025\/07\/pexels-photo-19641816.jpeg?w=867&amp;ssl=1 867w, https:\/\/i0.wp.com\/mtc.laurentjannot.fr\/wordpress\/wp-content\/uploads\/2025\/07\/pexels-photo-19641816.jpeg?resize=200%2C300&amp;ssl=1 200w, https:\/\/i0.wp.com\/mtc.laurentjannot.fr\/wordpress\/wp-content\/uploads\/2025\/07\/pexels-photo-19641816.jpeg?resize=683%2C1024&amp;ssl=1 683w, https:\/\/i0.wp.com\/mtc.laurentjannot.fr\/wordpress\/wp-content\/uploads\/2025\/07\/pexels-photo-19641816.jpeg?resize=768%2C1152&amp;ssl=1 768w\" sizes=\"auto, (max-width: 767px) 100vw, 767px\" \/><figcaption class=\"wp-element-caption\">Massage \u00e0 l&rsquo;huile<\/figcaption><\/figure>\n<\/div>\n\n\n<h2 class=\"wp-block-heading has-text-align-center\">Massage Chinois An-Mo<\/h2>\n\n\n\n<p>Un massage \u00e9nerg\u00e9tique et revitalisant. Il favorise la circulation sanguine et contribue \u00e0 diminuer les douleurs. Une harmonisation \u00e9nerg\u00e9tique en 1h.<\/p>\n\n\n\n<h2 class=\"wp-block-heading has-text-align-center\">Massage Tui-You<\/h2>\n\n\n\n<p>Massage Tui-You du corps tout entier, avec huile v\u00e9g\u00e9tale douce, base\u0301 sur des mouvements doux, lents et enveloppants, plus relaxant en 1h.<\/p>\n\n\n\n<h2 class=\"wp-block-heading has-text-align-center\">Massage du dos<\/h2>\n\n\n\n<p>Massage de la t\u00eate la nuque et du dos. Les tensions du dos am\u00e9lior\u00e9es en 30 min.<\/p>\n\n\n\n<h2 class=\"wp-block-heading has-text-align-center\">Massage Assis AMMA<\/h2>\n\n\n\n<div class=\"wp-block-columns is-layout-flex wp-container-core-columns-is-layout-9d6595d7 wp-block-columns-is-layout-flex\">\n<div class=\"wp-block-column is-layout-flow wp-block-column-is-layout-flow\">\n<figure class=\"wp-block-image size-large\"><img data-recalc-dims=\"1\" loading=\"lazy\" decoding=\"async\" width=\"767\" height=\"512\" src=\"https:\/\/i0.wp.com\/mtc.laurentjannot.fr\/wordpress\/wp-content\/uploads\/2025\/07\/amma.jpg?resize=767%2C512&#038;ssl=1\" alt=\"\" class=\"wp-image-1470\" srcset=\"https:\/\/i0.wp.com\/mtc.laurentjannot.fr\/wordpress\/wp-content\/uploads\/2025\/07\/amma.jpg?resize=1024%2C683&amp;ssl=1 1024w, https:\/\/i0.wp.com\/mtc.laurentjannot.fr\/wordpress\/wp-content\/uploads\/2025\/07\/amma.jpg?resize=300%2C200&amp;ssl=1 300w, https:\/\/i0.wp.com\/mtc.laurentjannot.fr\/wordpress\/wp-content\/uploads\/2025\/07\/amma.jpg?resize=768%2C512&amp;ssl=1 768w, https:\/\/i0.wp.com\/mtc.laurentjannot.fr\/wordpress\/wp-content\/uploads\/2025\/07\/amma.jpg?resize=1536%2C1025&amp;ssl=1 1536w, https:\/\/i0.wp.com\/mtc.laurentjannot.fr\/wordpress\/wp-content\/uploads\/2025\/07\/amma.jpg?resize=370%2C247&amp;ssl=1 370w, https:\/\/i0.wp.com\/mtc.laurentjannot.fr\/wordpress\/wp-content\/uploads\/2025\/07\/amma.jpg?resize=776%2C517&amp;ssl=1 776w, https:\/\/i0.wp.com\/mtc.laurentjannot.fr\/wordpress\/wp-content\/uploads\/2025\/07\/amma.jpg?w=1688&amp;ssl=1 1688w\" sizes=\"auto, (max-width: 767px) 100vw, 767px\" \/><\/figure>\n<\/div>\n\n\n\n<div class=\"wp-block-column is-layout-flow wp-block-column-is-layout-flow\">\n<p><\/p>\n\n\n\n<details class=\"wp-block-details is-layout-flow wp-block-details-is-layout-flow\"><summary>Dos nou\u00e9 ? Nuque raide ? \u00c9paules lourdes ? D\u00e9livrez-vous du stress le temps d\u2019un massage du dos, aussi rapide \u00e0 r\u00e9aliser qu\u2019efficace dans les bienfaits qu\u2019il procure.<br>Le massage du dos sur Amma Assis, ou comment vous offrir quelques minutes de rel\u00e2chement musculaire bien m\u00e9rit\u00e9. Comptez entre 20 et 30 minutes.<br>Le massage Amma, ou massage assis du dos, est une m\u00e9thode de d\u00e9tente et de relaxation. Pratiqu\u00e9 sur une chaise ergonomique sp\u00e9cialement con\u00e7ue pour ce type de massage, son principe est simple : soulager par le toucher.<\/summary><\/details>\n<\/div>\n<\/div>\n\n\n\n<p class=\"has-text-align-center\" style=\"font-size:26px\">Nombreux sont les bienfaits de ce massage bien-\u00eatre :<\/p>\n\n\n\n<ul class=\"wp-block-list\">\n<li>Il stimule les m\u00e9ridiens d\u2019acupuncture.<\/li>\n\n\n\n<li>Il active la circulation de l\u2019\u00e9nergie dans le corps.<\/li>\n\n\n\n<li>Il procure une relaxation g\u00e9n\u00e9rale ainsi qu\u2019une d\u00e9tente physique et mentale, permettant de reprendre son activit\u00e9 avec plus de concentration et de cr\u00e9ativit\u00e9.<\/li>\n\n\n\n<li>Il \u00e9limine le stress, la fatigue, les tensions et les douleurs musculaires.<\/li>\n\n\n\n<li>Un temps restreint pour une action imm\u00e9diate !<\/li>\n<\/ul>\n\n\n\n<p>Possibilit\u00e9s en entreprise , n&rsquo;h\u00e9sitez pas \u00e0 demander un devis<\/p>\n","protected":false},"excerpt":{"rendered":"<p>Le massage chinois offre de nombreux bienfaits au niveau physique et psychique. Le massage chinois est \u00e9troitement li\u00e9 \u00e0 l&rsquo;acupuncture et se concentre sur les canaux et les points d&rsquo;\u00e9nergie &hellip; <\/p>\n","protected":false},"author":1,"featured_media":1455,"parent":0,"menu_order":0,"comment_status":"closed","ping_status":"closed","template":"","meta":{"footnotes":""},"class_list":["post-1436","page","type-page","status-publish","has-post-thumbnail","hentry"],"jetpack_sharing_enabled":true,"jetpack_likes_enabled":true,"jetpack-related-posts":[{"id":753,"url":"https:\/\/mtc.laurentjannot.fr\/wordpress\/index.php\/tarifs\/","url_meta":{"origin":1436,"position":0},"title":"Tarifs","author":"laurent jannot","date":"4 octobre 2023","format":false,"excerpt":"Pratique de M\u00e9decine Traditionnelle Chinoise Soins de MTC : Aiguilles, Moxibustion, Ventouses, Conseils di\u00e9t\u00e9tiques, Qi Nei Tsang, Auriculoth\u00e9rapie, massage chinois, ... en fonction des besoins : 60\u20ac pour 1h15 de soins. Lifting par aiguilles : 75\u20ac pour 1h de soins. Cours de Qi Gong : Abonnement ann\u00e9e 350\u20ac, Carte abonnement\u2026","rel":"","context":"Article similaire","block_context":{"text":"Article similaire","link":""},"img":{"alt_text":"lines with numbers on head figure","src":"https:\/\/i0.wp.com\/mtc.laurentjannot.fr\/wordpress\/wp-content\/uploads\/2023\/10\/pexels-photo-17108475.jpeg?fit=1200%2C797&ssl=1&resize=350%2C200","width":350,"height":200,"srcset":"https:\/\/i0.wp.com\/mtc.laurentjannot.fr\/wordpress\/wp-content\/uploads\/2023\/10\/pexels-photo-17108475.jpeg?fit=1200%2C797&ssl=1&resize=350%2C200 1x, https:\/\/i0.wp.com\/mtc.laurentjannot.fr\/wordpress\/wp-content\/uploads\/2023\/10\/pexels-photo-17108475.jpeg?fit=1200%2C797&ssl=1&resize=525%2C300 1.5x, https:\/\/i0.wp.com\/mtc.laurentjannot.fr\/wordpress\/wp-content\/uploads\/2023\/10\/pexels-photo-17108475.jpeg?fit=1200%2C797&ssl=1&resize=700%2C400 2x, https:\/\/i0.wp.com\/mtc.laurentjannot.fr\/wordpress\/wp-content\/uploads\/2023\/10\/pexels-photo-17108475.jpeg?fit=1200%2C797&ssl=1&resize=1050%2C600 3x"},"classes":[]},{"id":16,"url":"https:\/\/mtc.laurentjannot.fr\/wordpress\/index.php\/a-propos-de\/","url_meta":{"origin":1436,"position":1},"title":"\u00c0 propos de","author":"laurent jannot","date":"10 ao\u00fbt 2022","format":false,"excerpt":"Mon parcours professionnel : Praticien en M\u00e9decine Chinoise Traditionnelle (sp\u00e9cialisation Acupuncture), form\u00e9 par l'Institut Chuzhen \u00e0 Paris (cursus de 4 ans). Master Class \"Techniques de puncture et de moxibustion\", Dr Wang Liping, vice directrice de l\u2019h\u00f4pital Ruguosi de P\u00e9kin. Master Class \"Rhumatismes et douleurs\", Dr Wang Liping, vice directrice de\u2026","rel":"","context":"Article similaire","block_context":{"text":"Article similaire","link":""},"img":{"alt_text":"","src":"https:\/\/i0.wp.com\/mtc.laurentjannot.fr\/wordpress\/wp-content\/uploads\/2022\/08\/pexels-photo-91147-1-e1752085478958.jpeg?fit=1200%2C418&ssl=1&resize=350%2C200","width":350,"height":200,"srcset":"https:\/\/i0.wp.com\/mtc.laurentjannot.fr\/wordpress\/wp-content\/uploads\/2022\/08\/pexels-photo-91147-1-e1752085478958.jpeg?fit=1200%2C418&ssl=1&resize=350%2C200 1x, https:\/\/i0.wp.com\/mtc.laurentjannot.fr\/wordpress\/wp-content\/uploads\/2022\/08\/pexels-photo-91147-1-e1752085478958.jpeg?fit=1200%2C418&ssl=1&resize=525%2C300 1.5x, https:\/\/i0.wp.com\/mtc.laurentjannot.fr\/wordpress\/wp-content\/uploads\/2022\/08\/pexels-photo-91147-1-e1752085478958.jpeg?fit=1200%2C418&ssl=1&resize=700%2C400 2x, https:\/\/i0.wp.com\/mtc.laurentjannot.fr\/wordpress\/wp-content\/uploads\/2022\/08\/pexels-photo-91147-1-e1752085478958.jpeg?fit=1200%2C418&ssl=1&resize=1050%2C600 3x"},"classes":[]},{"id":39,"url":"https:\/\/mtc.laurentjannot.fr\/wordpress\/index.php\/liens\/","url_meta":{"origin":1436,"position":2},"title":"Liens","author":"laurent jannot","date":"11 ao\u00fbt 2022","format":false,"excerpt":"CHUZHEN : Formation en M\u00e9decine Traditionnelle Chinoise la seule formation fran\u00e7aise de niveau universitaire en m\u00e9decine chinoise \u00e0 Paris. Institut Chuzhen de M\u00e9decine Chinoise Le Centre Dijon Restaurant - \u00c9v\u00e9nements culturels - Yoga - Qi Gong - Arts martiaux - Danse - Biodynamique, ... http:\/\/www.lecentre-dijon.fr \"Les Jardins du massage \"\u2026","rel":"","context":"Article similaire","block_context":{"text":"Article similaire","link":""},"img":{"alt_text":"","src":"","width":0,"height":0},"classes":[]},{"id":37,"url":"https:\/\/mtc.laurentjannot.fr\/wordpress\/index.php\/pratiques\/","url_meta":{"origin":1436,"position":3},"title":"Pratiques","author":"laurent jannot","date":"11 ao\u00fbt 2022","format":false,"excerpt":"D'abord le Dialogue ... Le praticien de M\u00e9decine Traditionnelle Chinoise que vous consultez aujourd'hui se renseignera sur vos habitudes quotidiennes (lieux de vie, alimentation, travail, sommeil, \u00e9motions, etc.) et au besoin vous conseillera sur un comportement plus conforme \u00e0 certaines r\u00e8gles \"naturelles\". Rigueur et m\u00e9thode ... Le praticien de M\u00e9decine\u2026","rel":"","context":"Article similaire","block_context":{"text":"Article similaire","link":""},"img":{"alt_text":"","src":"https:\/\/i0.wp.com\/mtc.laurentjannot.fr\/wordpress\/wp-content\/uploads\/2022\/08\/dietetique.jpg?resize=350%2C200&ssl=1","width":350,"height":200},"classes":[]},{"id":108,"url":"https:\/\/mtc.laurentjannot.fr\/wordpress\/index.php\/qi-gong\/","url_meta":{"origin":1436,"position":4},"title":"Qi Gong","author":"laurent jannot","date":"11 ao\u00fbt 2022","format":false,"excerpt":"\u00a0 Cours de Qi Gong \u00e0 Dijon, chaque Lundi de 18h30 \u00e0 19h30 J'anime un cours d'initiation au Qi gong chaque lundi soir au 29 rue de Chenove, \u00e0 Dijon, au \"Centre\" un cours seul est \u00e0 : 15\u20ac, une carte d'abonnement pour 10 cours, soit un cours par semaine\u2026","rel":"","context":"Article similaire","block_context":{"text":"Article similaire","link":""},"img":{"alt_text":"","src":"https:\/\/i0.wp.com\/mtc.laurentjannot.fr\/wordpress\/wp-content\/uploads\/2022\/08\/wudang-montagne.jpg?resize=350%2C200&ssl=1","width":350,"height":200,"srcset":"https:\/\/i0.wp.com\/mtc.laurentjannot.fr\/wordpress\/wp-content\/uploads\/2022\/08\/wudang-montagne.jpg?resize=350%2C200&ssl=1 1x, https:\/\/i0.wp.com\/mtc.laurentjannot.fr\/wordpress\/wp-content\/uploads\/2022\/08\/wudang-montagne.jpg?resize=525%2C300&ssl=1 1.5x, https:\/\/i0.wp.com\/mtc.laurentjannot.fr\/wordpress\/wp-content\/uploads\/2022\/08\/wudang-montagne.jpg?resize=700%2C400&ssl=1 2x"},"classes":[]},{"id":1428,"url":"https:\/\/mtc.laurentjannot.fr\/wordpress\/index.php\/interventions-en-entreprises\/","url_meta":{"origin":1436,"position":5},"title":"Interventions en Entreprises","author":"laurent jannot","date":"8 juillet 2025","format":false,"excerpt":"Mes interventions actuelles : Cours de Qi Gong et journ\u00e9es bien-\u00eatre pour l'Espace Pr\u00e9vention Sant\u00e9 du Grand Chalon Sur Sa\u00f4ne pour les aidants Cours de Qi Gong pour le CCAS de Sanvignes les mines Ateliers d'acupression, pratique et th\u00e9orie, \u00e0 l'Universit\u00e9 pour Tous (UTB) de Dijon Massage assis ou Cours\u2026","rel":"","context":"Article similaire","block_context":{"text":"Article similaire","link":""},"img":{"alt_text":"woman lying on tree near awter","src":"https:\/\/i0.wp.com\/mtc.laurentjannot.fr\/wordpress\/wp-content\/uploads\/2025\/07\/pexels-photo-267684.jpeg?fit=1200%2C795&ssl=1&resize=350%2C200","width":350,"height":200,"srcset":"https:\/\/i0.wp.com\/mtc.laurentjannot.fr\/wordpress\/wp-content\/uploads\/2025\/07\/pexels-photo-267684.jpeg?fit=1200%2C795&ssl=1&resize=350%2C200 1x, https:\/\/i0.wp.com\/mtc.laurentjannot.fr\/wordpress\/wp-content\/uploads\/2025\/07\/pexels-photo-267684.jpeg?fit=1200%2C795&ssl=1&resize=525%2C300 1.5x, https:\/\/i0.wp.com\/mtc.laurentjannot.fr\/wordpress\/wp-content\/uploads\/2025\/07\/pexels-photo-267684.jpeg?fit=1200%2C795&ssl=1&resize=700%2C400 2x, https:\/\/i0.wp.com\/mtc.laurentjannot.fr\/wordpress\/wp-content\/uploads\/2025\/07\/pexels-photo-267684.jpeg?fit=1200%2C795&ssl=1&resize=1050%2C600 3x"},"classes":[]}],"jetpack_shortlink":"https:\/\/wp.me\/PebM1q-na","_links":{"self":[{"href":"https:\/\/mtc.laurentjannot.fr\/wordpress\/index.php\/wp-json\/wp\/v2\/pages\/1436","targetHints":{"allow":["GET"]}}],"collection":[{"href":"https:\/\/mtc.laurentjannot.fr\/wordpress\/index.php\/wp-json\/wp\/v2\/pages"}],"about":[{"href":"https:\/\/mtc.laurentjannot.fr\/wordpress\/index.php\/wp-json\/wp\/v2\/types\/page"}],"author":[{"embeddable":true,"href":"https:\/\/mtc.laurentjannot.fr\/wordpress\/index.php\/wp-json\/wp\/v2\/users\/1"}],"replies":[{"embeddable":true,"href":"https:\/\/mtc.laurentjannot.fr\/wordpress\/index.php\/wp-json\/wp\/v2\/comments?post=1436"}],"version-history":[{"count":16,"href":"https:\/\/mtc.laurentjannot.fr\/wordpress\/index.php\/wp-json\/wp\/v2\/pages\/1436\/revisions"}],"predecessor-version":[{"id":1484,"href":"https:\/\/mtc.laurentjannot.fr\/wordpress\/index.php\/wp-json\/wp\/v2\/pages\/1436\/revisions\/1484"}],"wp:featuredmedia":[{"embeddable":true,"href":"https:\/\/mtc.laurentjannot.fr\/wordpress\/index.php\/wp-json\/wp\/v2\/media\/1455"}],"wp:attachment":[{"href":"https:\/\/mtc.laurentjannot.fr\/wordpress\/index.php\/wp-json\/wp\/v2\/media?parent=1436"}],"curies":[{"name":"wp","href":"https:\/\/api.w.org\/{rel}","templated":true}]}}