{"id":1428,"date":"2025-07-08T17:50:53","date_gmt":"2025-07-08T15:50:53","guid":{"rendered":"https:\/\/mtc.laurentjannot.fr\/wordpress\/?page_id=1428"},"modified":"2025-07-09T20:36:27","modified_gmt":"2025-07-09T18:36:27","slug":"interventions-en-entreprises","status":"publish","type":"page","link":"https:\/\/mtc.laurentjannot.fr\/wordpress\/index.php\/interventions-en-entreprises\/","title":{"rendered":"Interventions en Entreprises"},"content":{"rendered":"\n<div class=\"wp-block-columns is-layout-flex wp-container-core-columns-is-layout-9d6595d7 wp-block-columns-is-layout-flex\">\n<div class=\"wp-block-column is-layout-flow wp-block-column-is-layout-flow\" style=\"flex-basis:100%\">\n<div class=\"wp-block-columns is-layout-flex wp-container-core-columns-is-layout-9d6595d7 wp-block-columns-is-layout-flex\">\n<div class=\"wp-block-column is-layout-flow wp-block-column-is-layout-flow\">\n<figure class=\"wp-block-image size-large is-resized\"><img data-recalc-dims=\"1\" loading=\"lazy\" decoding=\"async\" width=\"767\" height=\"512\" src=\"https:\/\/i0.wp.com\/mtc.laurentjannot.fr\/wordpress\/wp-content\/uploads\/2025\/07\/amma.jpg?resize=767%2C512&#038;ssl=1\" alt=\"\" class=\"wp-image-1470\" style=\"width:390px;height:auto\" srcset=\"https:\/\/i0.wp.com\/mtc.laurentjannot.fr\/wordpress\/wp-content\/uploads\/2025\/07\/amma.jpg?resize=1024%2C683&amp;ssl=1 1024w, https:\/\/i0.wp.com\/mtc.laurentjannot.fr\/wordpress\/wp-content\/uploads\/2025\/07\/amma.jpg?resize=300%2C200&amp;ssl=1 300w, https:\/\/i0.wp.com\/mtc.laurentjannot.fr\/wordpress\/wp-content\/uploads\/2025\/07\/amma.jpg?resize=768%2C512&amp;ssl=1 768w, https:\/\/i0.wp.com\/mtc.laurentjannot.fr\/wordpress\/wp-content\/uploads\/2025\/07\/amma.jpg?resize=1536%2C1025&amp;ssl=1 1536w, https:\/\/i0.wp.com\/mtc.laurentjannot.fr\/wordpress\/wp-content\/uploads\/2025\/07\/amma.jpg?resize=370%2C247&amp;ssl=1 370w, https:\/\/i0.wp.com\/mtc.laurentjannot.fr\/wordpress\/wp-content\/uploads\/2025\/07\/amma.jpg?resize=776%2C517&amp;ssl=1 776w, https:\/\/i0.wp.com\/mtc.laurentjannot.fr\/wordpress\/wp-content\/uploads\/2025\/07\/amma.jpg?w=1688&amp;ssl=1 1688w\" sizes=\"auto, (max-width: 767px) 100vw, 767px\" \/><\/figure>\n<\/div>\n\n\n\n<div class=\"wp-block-column is-layout-flow wp-block-column-is-layout-flow\">\n<figure class=\"wp-block-image size-full\"><img data-recalc-dims=\"1\" loading=\"lazy\" decoding=\"async\" width=\"600\" height=\"377\" src=\"https:\/\/i0.wp.com\/mtc.laurentjannot.fr\/wordpress\/wp-content\/uploads\/2025\/07\/qi-gong.jpg?resize=600%2C377&#038;ssl=1\" alt=\"\" class=\"wp-image-1495\" srcset=\"https:\/\/i0.wp.com\/mtc.laurentjannot.fr\/wordpress\/wp-content\/uploads\/2025\/07\/qi-gong.jpg?w=600&amp;ssl=1 600w, https:\/\/i0.wp.com\/mtc.laurentjannot.fr\/wordpress\/wp-content\/uploads\/2025\/07\/qi-gong.jpg?resize=300%2C189&amp;ssl=1 300w\" sizes=\"auto, (max-width: 600px) 100vw, 600px\" \/><\/figure>\n<\/div>\n<\/div>\n<\/div>\n<\/div>\n\n\n\n<p>Mes interventions actuelles :<\/p>\n\n\n\n<h4 class=\"wp-block-heading\">Cours de Qi Gong et journ\u00e9es bien-\u00eatre pour l&rsquo;Espace Pr\u00e9vention Sant\u00e9 du Grand Chalon Sur Sa\u00f4ne pour les aidants<\/h4>\n\n\n\n<h4 class=\"wp-block-heading\">Cours de Qi Gong pour le CCAS de Sanvignes les mines<\/h4>\n\n\n\n<h4 class=\"wp-block-heading\">Ateliers d&rsquo;acupression, pratique et th\u00e9orie, \u00e0 l&rsquo;Universit\u00e9 pour Tous (UTB) de Dijon<\/h4>\n\n\n\n<h4 class=\"wp-block-heading\">Massage assis ou Cours de Qi Gong en Entreprises dans le cadre de la Qualit\u00e9 de Vie au Travail : PJJ, La Poste, CCI, &#8230; <\/h4>\n\n\n\n<p>N&rsquo;h\u00e9sitez pas \u00e0 me contacter pour un devis personnalis\u00e9<\/p>\n\n\n\n<div class=\"wp-block-buttons is-layout-flex wp-block-buttons-is-layout-flex\">\n<div class=\"wp-block-button\"><a class=\"wp-block-button__link wp-element-button\" href=\"mailto:mtc@laurentjannot.fr\">Contactez moi<\/a><\/div>\n<\/div>\n","protected":false},"excerpt":{"rendered":"<p>Mes interventions actuelles : Cours de Qi Gong et journ\u00e9es bien-\u00eatre pour l&rsquo;Espace Pr\u00e9vention Sant\u00e9 du Grand Chalon Sur Sa\u00f4ne pour les aidants Cours de Qi Gong pour le CCAS &hellip; <\/p>\n","protected":false},"author":1,"featured_media":1488,"parent":0,"menu_order":0,"comment_status":"closed","ping_status":"closed","template":"","meta":{"footnotes":""},"class_list":["post-1428","page","type-page","status-publish","has-post-thumbnail","hentry"],"jetpack_sharing_enabled":true,"jetpack_likes_enabled":true,"jetpack-related-posts":[{"id":1300,"url":"https:\/\/mtc.laurentjannot.fr\/wordpress\/index.php\/les-aiguilles-pour-la-fermete-laugmentation-ou-la-diminution-du-volume-des-seins\/","url_meta":{"origin":1428,"position":0},"title":"Les aiguilles pour la fermet\u00e9, l\u2019augmentation ou la diminution du volume des seins","author":"laurent jannot","date":"14 f\u00e9vrier 2025","format":false,"excerpt":"Vous souhaitez augmenter ou diminuer le volume de vos seins ? Vous ne souhaiter pas de chirurgie ? Les aiguilles vous offrent un r\u00e9sultat satisfaisant \u00e0 travers cette m\u00e9thode. L\u2019avantage de ce traitement est que vous allez \u00e9viter de conna\u00eetre la cicatrice observ\u00e9e dans le cadre de la chirurgie esth\u00e9tique.\u2026","rel":"","context":"Article similaire","block_context":{"text":"Article similaire","link":""},"img":{"alt_text":"","src":"","width":0,"height":0},"classes":[]},{"id":101,"url":"https:\/\/mtc.laurentjannot.fr\/wordpress\/index.php\/lifting-visage\/","url_meta":{"origin":1428,"position":1},"title":"Lifting Energ\u00e9tique du Visage et du corps","author":"laurent jannot","date":"11 ao\u00fbt 2022","format":false,"excerpt":"Le lifting \u00e9nerg\u00e9tique est une m\u00e9thode douce et non chirurgicale bas\u00e9e sur les principes de la m\u00e9decine traditionnelle chinoise, tr\u00e8s efficace pour r\u00e9duire et ralentir les signes du vieillissement. Cette m\u00e9thode permet de rester jeune plus longtemps, sans botox, sans acide hyaluronique ni bistouri. C'est une m\u00e9thode douce, sans risque,\u2026","rel":"","context":"Article similaire","block_context":{"text":"Article similaire","link":""},"img":{"alt_text":"","src":"https:\/\/i0.wp.com\/mtc.laurentjannot.fr\/wordpress\/wp-content\/uploads\/2022\/08\/image-2.jpeg?resize=350%2C200&ssl=1","width":350,"height":200,"srcset":"https:\/\/i0.wp.com\/mtc.laurentjannot.fr\/wordpress\/wp-content\/uploads\/2022\/08\/image-2.jpeg?resize=350%2C200&ssl=1 1x, https:\/\/i0.wp.com\/mtc.laurentjannot.fr\/wordpress\/wp-content\/uploads\/2022\/08\/image-2.jpeg?resize=525%2C300&ssl=1 1.5x"},"classes":[]},{"id":16,"url":"https:\/\/mtc.laurentjannot.fr\/wordpress\/index.php\/a-propos-de\/","url_meta":{"origin":1428,"position":2},"title":"\u00c0 propos de","author":"laurent jannot","date":"10 ao\u00fbt 2022","format":false,"excerpt":"Mon parcours professionnel : Praticien en M\u00e9decine Chinoise Traditionnelle (sp\u00e9cialisation Acupuncture), form\u00e9 par l'Institut Chuzhen \u00e0 Paris (cursus de 4 ans). Master Class \"Techniques de puncture et de moxibustion\", Dr Wang Liping, vice directrice de l\u2019h\u00f4pital Ruguosi de P\u00e9kin. Master Class \"Rhumatismes et douleurs\", Dr Wang Liping, vice directrice de\u2026","rel":"","context":"Article similaire","block_context":{"text":"Article similaire","link":""},"img":{"alt_text":"","src":"https:\/\/i0.wp.com\/mtc.laurentjannot.fr\/wordpress\/wp-content\/uploads\/2022\/08\/pexels-photo-91147-1-e1752085478958.jpeg?fit=1200%2C418&ssl=1&resize=350%2C200","width":350,"height":200,"srcset":"https:\/\/i0.wp.com\/mtc.laurentjannot.fr\/wordpress\/wp-content\/uploads\/2022\/08\/pexels-photo-91147-1-e1752085478958.jpeg?fit=1200%2C418&ssl=1&resize=350%2C200 1x, https:\/\/i0.wp.com\/mtc.laurentjannot.fr\/wordpress\/wp-content\/uploads\/2022\/08\/pexels-photo-91147-1-e1752085478958.jpeg?fit=1200%2C418&ssl=1&resize=525%2C300 1.5x, https:\/\/i0.wp.com\/mtc.laurentjannot.fr\/wordpress\/wp-content\/uploads\/2022\/08\/pexels-photo-91147-1-e1752085478958.jpeg?fit=1200%2C418&ssl=1&resize=700%2C400 2x, https:\/\/i0.wp.com\/mtc.laurentjannot.fr\/wordpress\/wp-content\/uploads\/2022\/08\/pexels-photo-91147-1-e1752085478958.jpeg?fit=1200%2C418&ssl=1&resize=1050%2C600 3x"},"classes":[]},{"id":159,"url":"https:\/\/mtc.laurentjannot.fr\/wordpress\/index.php\/complements-alimentaires\/","url_meta":{"origin":1428,"position":3},"title":"Compl\u00e9ments Alimentaires","author":"laurent jannot","date":"14 ao\u00fbt 2022","format":false,"excerpt":"Les compl\u00e9ments alimentaires comblent les carences dans l\u2019alimentation g\u00e9n\u00e9rale. Mais comment fonctionnent-ils exactement ? Compl\u00e9ment alimentaire\u00a0pour combler les carences en nutriments La sant\u00e9 d\u00e9pend grandement de l\u2019alimentation en g\u00e9n\u00e9ral. Une bonne alimentation doit apporter tous les nutriments n\u00e9cessaires au bon fonctionnement de l\u2019organisme. Toutefois, m\u00eame en adoptant une alimentation saine,\u2026","rel":"","context":"Article similaire","block_context":{"text":"Article similaire","link":""},"img":{"alt_text":"","src":"https:\/\/i0.wp.com\/mtc.laurentjannot.fr\/wordpress\/wp-content\/uploads\/2022\/08\/Capture-de%CC%81cran-2022-08-15-a%CC%80-11.46.27.png?resize=350%2C200&ssl=1","width":350,"height":200,"srcset":"https:\/\/i0.wp.com\/mtc.laurentjannot.fr\/wordpress\/wp-content\/uploads\/2022\/08\/Capture-de%CC%81cran-2022-08-15-a%CC%80-11.46.27.png?resize=350%2C200&ssl=1 1x, https:\/\/i0.wp.com\/mtc.laurentjannot.fr\/wordpress\/wp-content\/uploads\/2022\/08\/Capture-de%CC%81cran-2022-08-15-a%CC%80-11.46.27.png?resize=525%2C300&ssl=1 1.5x, https:\/\/i0.wp.com\/mtc.laurentjannot.fr\/wordpress\/wp-content\/uploads\/2022\/08\/Capture-de%CC%81cran-2022-08-15-a%CC%80-11.46.27.png?resize=700%2C400&ssl=1 2x, https:\/\/i0.wp.com\/mtc.laurentjannot.fr\/wordpress\/wp-content\/uploads\/2022\/08\/Capture-de%CC%81cran-2022-08-15-a%CC%80-11.46.27.png?resize=1050%2C600&ssl=1 3x, https:\/\/i0.wp.com\/mtc.laurentjannot.fr\/wordpress\/wp-content\/uploads\/2022\/08\/Capture-de%CC%81cran-2022-08-15-a%CC%80-11.46.27.png?resize=1400%2C800&ssl=1 4x"},"classes":[]},{"id":1436,"url":"https:\/\/mtc.laurentjannot.fr\/wordpress\/index.php\/vous-naimez-pas-les-aiguilles-essayez-le-massage-chinois\/","url_meta":{"origin":1428,"position":4},"title":"Vous n&rsquo;aimez pas les aiguilles ? Essayez les Massages Chinois","author":"laurent jannot","date":"8 juillet 2025","format":false,"excerpt":"Le massage chinois offre de nombreux bienfaits au niveau physique et psychique. Le massage chinois est \u00e9troitement li\u00e9 \u00e0 l'acupuncture et se concentre sur les canaux et les points d'\u00e9nergie qui transportent et guident le sang ou le Qi dans l'ensemble du corps. Ce type de massage permet de prot\u00e9ger\u2026","rel":"","context":"Article similaire","block_context":{"text":"Article similaire","link":""},"img":{"alt_text":"person doing massage","src":"https:\/\/i0.wp.com\/mtc.laurentjannot.fr\/wordpress\/wp-content\/uploads\/2025\/07\/pexels-photo-3230236-e1752085537654.jpeg?fit=867%2C640&ssl=1&resize=350%2C200","width":350,"height":200,"srcset":"https:\/\/i0.wp.com\/mtc.laurentjannot.fr\/wordpress\/wp-content\/uploads\/2025\/07\/pexels-photo-3230236-e1752085537654.jpeg?fit=867%2C640&ssl=1&resize=350%2C200 1x, https:\/\/i0.wp.com\/mtc.laurentjannot.fr\/wordpress\/wp-content\/uploads\/2025\/07\/pexels-photo-3230236-e1752085537654.jpeg?fit=867%2C640&ssl=1&resize=525%2C300 1.5x, https:\/\/i0.wp.com\/mtc.laurentjannot.fr\/wordpress\/wp-content\/uploads\/2025\/07\/pexels-photo-3230236-e1752085537654.jpeg?fit=867%2C640&ssl=1&resize=700%2C400 2x"},"classes":[]}],"jetpack_shortlink":"https:\/\/wp.me\/PebM1q-n2","_links":{"self":[{"href":"https:\/\/mtc.laurentjannot.fr\/wordpress\/index.php\/wp-json\/wp\/v2\/pages\/1428","targetHints":{"allow":["GET"]}}],"collection":[{"href":"https:\/\/mtc.laurentjannot.fr\/wordpress\/index.php\/wp-json\/wp\/v2\/pages"}],"about":[{"href":"https:\/\/mtc.laurentjannot.fr\/wordpress\/index.php\/wp-json\/wp\/v2\/types\/page"}],"author":[{"embeddable":true,"href":"https:\/\/mtc.laurentjannot.fr\/wordpress\/index.php\/wp-json\/wp\/v2\/users\/1"}],"replies":[{"embeddable":true,"href":"https:\/\/mtc.laurentjannot.fr\/wordpress\/index.php\/wp-json\/wp\/v2\/comments?post=1428"}],"version-history":[{"count":7,"href":"https:\/\/mtc.laurentjannot.fr\/wordpress\/index.php\/wp-json\/wp\/v2\/pages\/1428\/revisions"}],"predecessor-version":[{"id":1496,"href":"https:\/\/mtc.laurentjannot.fr\/wordpress\/index.php\/wp-json\/wp\/v2\/pages\/1428\/revisions\/1496"}],"wp:featuredmedia":[{"embeddable":true,"href":"https:\/\/mtc.laurentjannot.fr\/wordpress\/index.php\/wp-json\/wp\/v2\/media\/1488"}],"wp:attachment":[{"href":"https:\/\/mtc.laurentjannot.fr\/wordpress\/index.php\/wp-json\/wp\/v2\/media?parent=1428"}],"curies":[{"name":"wp","href":"https:\/\/api.w.org\/{rel}","templated":true}]}}