{"id":1239,"date":"2024-12-30T17:21:08","date_gmt":"2024-12-30T16:21:08","guid":{"rendered":"https:\/\/mtc.laurentjannot.fr\/wordpress\/?page_id=1239"},"modified":"2024-12-30T17:25:16","modified_gmt":"2024-12-30T16:25:16","slug":"champs-dactions","status":"publish","type":"page","link":"https:\/\/mtc.laurentjannot.fr\/wordpress\/index.php\/champs-dactions\/","title":{"rendered":"Champs d&rsquo;actions :"},"content":{"rendered":"\n<p><br>Stress (selon des \u00e9tudes r\u00e9centes,<br>80 % des maladies seraient li\u00e9es au stress)<br>Maux de t\u00eates et migraines<br>Fatigue et burn-out<br>D\u00e9pression<br>Probl\u00e8mes \u00e9motionnels<br>Douleurs de dos, nuque, \u00e9paules, \u2026<br>Lumbagos, sciatiques<br>Probl\u00e8mes articulaires et tendinites<br>Probl\u00e8mes digestifs :<br>constipation, diarrh\u00e9e, ballonnement\u2026<br>Probl\u00e8mes de sommeil :<br>insomnies, cauchemars, hypersomnie\u2026<br>Probl\u00e8mes menstruels, m\u00e9nopause, \u2026<br>Probl\u00e8mes de peau<br>Gestion des liquides, mauvaise \u00e9limination<br>Rhumatismes<br>Maladies respiratoires<br>Affections de la voix<br>Probl\u00e8mes li\u00e9s \u00e0 la sexualit\u00e9 :<br>impuissance, frigidit\u00e9, grossesse difficile<br>D\u00e9pendances tabac, alcool, boulimie, anor\u00e9xie<br>Lifting par aiguilles<\/p>\n\n\n\n<p>Et bien d&rsquo;autres choses encore &#8230; Contactez moi<\/p>\n","protected":false},"excerpt":{"rendered":"<p>Stress (selon des \u00e9tudes r\u00e9centes,80 % des maladies seraient li\u00e9es au stress)Maux de t\u00eates et migrainesFatigue et burn-outD\u00e9pressionProbl\u00e8mes \u00e9motionnelsDouleurs de dos, nuque, \u00e9paules, \u2026Lumbagos, sciatiquesProbl\u00e8mes articulaires et tendinitesProbl\u00e8mes digestifs :constipation, &hellip; <\/p>\n","protected":false},"author":1,"featured_media":0,"parent":0,"menu_order":0,"comment_status":"closed","ping_status":"closed","template":"","meta":{"footnotes":""},"class_list":["post-1239","page","type-page","status-publish","hentry"],"jetpack_sharing_enabled":true,"jetpack_likes_enabled":true,"jetpack-related-posts":[{"id":38,"url":"https:\/\/mtc.laurentjannot.fr\/wordpress\/","url_meta":{"origin":1239,"position":0},"title":"Soins","author":"laurent jannot","date":"11 ao\u00fbt 2022","format":false,"excerpt":"Le champ d\u2019action de la m\u00e9decine traditionnelle chinoise est large. Champs d'actionDans le cas de troubles suivants, la M\u00e9decine Traditionnelle Chinoise est une aide tr\u00e8s efficace, notamment en ce qui concerne la pr\u00e9vention : Stress (selon des \u00e9tudes r\u00e9centes, 80 % des maladies seraient\u00a0li\u00e9es au stress)Maux de t\u00eates et migrainesFatigue\u2026","rel":"","context":"Article similaire","block_context":{"text":"Article similaire","link":""},"img":{"alt_text":"","src":"","width":0,"height":0},"classes":[]},{"id":153,"url":"https:\/\/mtc.laurentjannot.fr\/wordpress\/index.php\/soucis-feminins\/","url_meta":{"origin":1239,"position":1},"title":"Soucis F\u00e9minins","author":"laurent jannot","date":"12 ao\u00fbt 2022","format":false,"excerpt":"Perdre du poidsSommeilLibidoGrossesse (naus\u00e9es, fatigue, retournement du b\u00e9b\u00e9, ouverture du col, terme, ...)Infertilit\u00e9Syndromes pr\u00e9menstruelsLes cycles (douleur, absence, abondance, non r\u00e9gulier, fatigue, d\u00e9prime, ...)Troubles de la Pr\u00e9-m\u00e9nopause et de la m\u00e9nopauseRidesAnorexie, BoulimieThyro\u00efdeStress","rel":"","context":"Article similaire","block_context":{"text":"Article similaire","link":""},"img":{"alt_text":"","src":"","width":0,"height":0},"classes":[]},{"id":37,"url":"https:\/\/mtc.laurentjannot.fr\/wordpress\/index.php\/pratiques\/","url_meta":{"origin":1239,"position":2},"title":"Pratiques","author":"laurent jannot","date":"11 ao\u00fbt 2022","format":false,"excerpt":"D'abord le Dialogue ... Le praticien de M\u00e9decine Traditionnelle Chinoise que vous consultez aujourd'hui se renseignera sur vos habitudes quotidiennes (lieux de vie, alimentation, travail, sommeil, \u00e9motions, etc.) et au besoin vous conseillera sur un comportement plus conforme \u00e0 certaines r\u00e8gles \"naturelles\". Rigueur et m\u00e9thode ... Le praticien de M\u00e9decine\u2026","rel":"","context":"Article similaire","block_context":{"text":"Article similaire","link":""},"img":{"alt_text":"","src":"https:\/\/i0.wp.com\/mtc.laurentjannot.fr\/wordpress\/wp-content\/uploads\/2022\/08\/dietetique.jpg?resize=350%2C200&ssl=1","width":350,"height":200},"classes":[]},{"id":1436,"url":"https:\/\/mtc.laurentjannot.fr\/wordpress\/index.php\/vous-naimez-pas-les-aiguilles-essayez-le-massage-chinois\/","url_meta":{"origin":1239,"position":3},"title":"Vous n&rsquo;aimez pas les aiguilles ? Essayez les Massages Chinois","author":"laurent jannot","date":"8 juillet 2025","format":false,"excerpt":"Le massage chinois offre de nombreux bienfaits au niveau physique et psychique. Le massage chinois est \u00e9troitement li\u00e9 \u00e0 l'acupuncture et se concentre sur les canaux et les points d'\u00e9nergie qui transportent et guident le sang ou le Qi dans l'ensemble du corps. Ce type de massage permet de prot\u00e9ger\u2026","rel":"","context":"Article similaire","block_context":{"text":"Article similaire","link":""},"img":{"alt_text":"person doing massage","src":"https:\/\/i0.wp.com\/mtc.laurentjannot.fr\/wordpress\/wp-content\/uploads\/2025\/07\/pexels-photo-3230236-e1752085537654.jpeg?fit=867%2C640&ssl=1&resize=350%2C200","width":350,"height":200,"srcset":"https:\/\/i0.wp.com\/mtc.laurentjannot.fr\/wordpress\/wp-content\/uploads\/2025\/07\/pexels-photo-3230236-e1752085537654.jpeg?fit=867%2C640&ssl=1&resize=350%2C200 1x, https:\/\/i0.wp.com\/mtc.laurentjannot.fr\/wordpress\/wp-content\/uploads\/2025\/07\/pexels-photo-3230236-e1752085537654.jpeg?fit=867%2C640&ssl=1&resize=525%2C300 1.5x, https:\/\/i0.wp.com\/mtc.laurentjannot.fr\/wordpress\/wp-content\/uploads\/2025\/07\/pexels-photo-3230236-e1752085537654.jpeg?fit=867%2C640&ssl=1&resize=700%2C400 2x"},"classes":[]},{"id":159,"url":"https:\/\/mtc.laurentjannot.fr\/wordpress\/index.php\/complements-alimentaires\/","url_meta":{"origin":1239,"position":4},"title":"Compl\u00e9ments Alimentaires","author":"laurent jannot","date":"14 ao\u00fbt 2022","format":false,"excerpt":"Les compl\u00e9ments alimentaires comblent les carences dans l\u2019alimentation g\u00e9n\u00e9rale. Mais comment fonctionnent-ils exactement ? Compl\u00e9ment alimentaire\u00a0pour combler les carences en nutriments La sant\u00e9 d\u00e9pend grandement de l\u2019alimentation en g\u00e9n\u00e9ral. Une bonne alimentation doit apporter tous les nutriments n\u00e9cessaires au bon fonctionnement de l\u2019organisme. Toutefois, m\u00eame en adoptant une alimentation saine,\u2026","rel":"","context":"Article similaire","block_context":{"text":"Article similaire","link":""},"img":{"alt_text":"","src":"https:\/\/i0.wp.com\/mtc.laurentjannot.fr\/wordpress\/wp-content\/uploads\/2022\/08\/Capture-de%CC%81cran-2022-08-15-a%CC%80-11.46.27.png?resize=350%2C200&ssl=1","width":350,"height":200,"srcset":"https:\/\/i0.wp.com\/mtc.laurentjannot.fr\/wordpress\/wp-content\/uploads\/2022\/08\/Capture-de%CC%81cran-2022-08-15-a%CC%80-11.46.27.png?resize=350%2C200&ssl=1 1x, https:\/\/i0.wp.com\/mtc.laurentjannot.fr\/wordpress\/wp-content\/uploads\/2022\/08\/Capture-de%CC%81cran-2022-08-15-a%CC%80-11.46.27.png?resize=525%2C300&ssl=1 1.5x, https:\/\/i0.wp.com\/mtc.laurentjannot.fr\/wordpress\/wp-content\/uploads\/2022\/08\/Capture-de%CC%81cran-2022-08-15-a%CC%80-11.46.27.png?resize=700%2C400&ssl=1 2x, https:\/\/i0.wp.com\/mtc.laurentjannot.fr\/wordpress\/wp-content\/uploads\/2022\/08\/Capture-de%CC%81cran-2022-08-15-a%CC%80-11.46.27.png?resize=1050%2C600&ssl=1 3x, https:\/\/i0.wp.com\/mtc.laurentjannot.fr\/wordpress\/wp-content\/uploads\/2022\/08\/Capture-de%CC%81cran-2022-08-15-a%CC%80-11.46.27.png?resize=1400%2C800&ssl=1 4x"},"classes":[]},{"id":101,"url":"https:\/\/mtc.laurentjannot.fr\/wordpress\/index.php\/lifting-visage\/","url_meta":{"origin":1239,"position":5},"title":"Lifting Energ\u00e9tique du Visage et du corps","author":"laurent jannot","date":"11 ao\u00fbt 2022","format":false,"excerpt":"Le lifting \u00e9nerg\u00e9tique est une m\u00e9thode douce et non chirurgicale bas\u00e9e sur les principes de la m\u00e9decine traditionnelle chinoise, tr\u00e8s efficace pour r\u00e9duire et ralentir les signes du vieillissement. Cette m\u00e9thode permet de rester jeune plus longtemps, sans botox, sans acide hyaluronique ni bistouri. C'est une m\u00e9thode douce, sans risque,\u2026","rel":"","context":"Article similaire","block_context":{"text":"Article similaire","link":""},"img":{"alt_text":"","src":"https:\/\/i0.wp.com\/mtc.laurentjannot.fr\/wordpress\/wp-content\/uploads\/2022\/08\/image-2.jpeg?resize=350%2C200&ssl=1","width":350,"height":200,"srcset":"https:\/\/i0.wp.com\/mtc.laurentjannot.fr\/wordpress\/wp-content\/uploads\/2022\/08\/image-2.jpeg?resize=350%2C200&ssl=1 1x, https:\/\/i0.wp.com\/mtc.laurentjannot.fr\/wordpress\/wp-content\/uploads\/2022\/08\/image-2.jpeg?resize=525%2C300&ssl=1 1.5x"},"classes":[]}],"jetpack_shortlink":"https:\/\/wp.me\/PebM1q-jZ","_links":{"self":[{"href":"https:\/\/mtc.laurentjannot.fr\/wordpress\/index.php\/wp-json\/wp\/v2\/pages\/1239","targetHints":{"allow":["GET"]}}],"collection":[{"href":"https:\/\/mtc.laurentjannot.fr\/wordpress\/index.php\/wp-json\/wp\/v2\/pages"}],"about":[{"href":"https:\/\/mtc.laurentjannot.fr\/wordpress\/index.php\/wp-json\/wp\/v2\/types\/page"}],"author":[{"embeddable":true,"href":"https:\/\/mtc.laurentjannot.fr\/wordpress\/index.php\/wp-json\/wp\/v2\/users\/1"}],"replies":[{"embeddable":true,"href":"https:\/\/mtc.laurentjannot.fr\/wordpress\/index.php\/wp-json\/wp\/v2\/comments?post=1239"}],"version-history":[{"count":2,"href":"https:\/\/mtc.laurentjannot.fr\/wordpress\/index.php\/wp-json\/wp\/v2\/pages\/1239\/revisions"}],"predecessor-version":[{"id":1243,"href":"https:\/\/mtc.laurentjannot.fr\/wordpress\/index.php\/wp-json\/wp\/v2\/pages\/1239\/revisions\/1243"}],"wp:attachment":[{"href":"https:\/\/mtc.laurentjannot.fr\/wordpress\/index.php\/wp-json\/wp\/v2\/media?parent=1239"}],"curies":[{"name":"wp","href":"https:\/\/api.w.org\/{rel}","templated":true}]}}